{"id":3908,"date":"2026-01-14T15:30:05","date_gmt":"2026-01-14T15:30:05","guid":{"rendered":"https:\/\/www.golfhimmel.de\/?page_id=3908"},"modified":"2026-01-14T15:30:08","modified_gmt":"2026-01-14T15:30:08","slug":"bunkerkonzepte","status":"publish","type":"page","link":"https:\/\/www.golfhimmel.de\/en\/bunkerkonzepte\/","title":{"rendered":"Bunker concepts"},"content":{"rendered":"<div id='full_slider_1'  class='avia-fullwidth-slider main_color avia-shadow   avia-builder-el-0  el_before_av_one_full  avia-builder-el-first   container_wrap sidebar_right'  ><div  class='avia-slideshow av-mke46nqm-da1d5865a45d5a6615a5deb887ef2bfb avia-slideshow-featured av_slideshow_full avia-slide-slider av-slideshow-ui av-control-default av-slideshow-manual av-loop-once av-loop-manual-endless av-default-height-applied   avia-slideshow-1' data-slideshow-options=\"{&quot;animation&quot;:&quot;slide&quot;,&quot;autoplay&quot;:false,&quot;loop_autoplay&quot;:&quot;once&quot;,&quot;interval&quot;:5,&quot;loop_manual&quot;:&quot;manual-endless&quot;,&quot;autoplay_stopper&quot;:false,&quot;noNavigation&quot;:false,&quot;bg_slider&quot;:false,&quot;keep_padding&quot;:false,&quot;hoverpause&quot;:false,&quot;show_slide_delay&quot;:0}\"  itemprop=\"image\" itemscope=\"itemscope\" itemtype=\"https:\/\/schema.org\/ImageObject\" ><ul class='avia-slideshow-inner' style='padding-bottom: 28.666666666667%;'><li  class='avia-slideshow-slide av-mke46nqm-da1d5865a45d5a6615a5deb887ef2bfb__0  slide-1 slide-odd'><div data-rel='slideshow-1' class='avia-slide-wrap'   ><img decoding=\"async\" fetchpriority=\"high\" class=\"wp-image-3909 avia-img-lazy-loading-not-3909\"  src=\"https:\/\/www.golfhimmel.de\/wp-content\/uploads\/2026\/01\/Achental_Bunker-1500x430.jpg\" width=\"1500\" height=\"430\" title='Achental_Bunker' alt=''  itemprop=\"thumbnailUrl\"   \/><\/div><\/li><li  class='avia-slideshow-slide av-mke46nqm-da1d5865a45d5a6615a5deb887ef2bfb__1  slide-2 slide-even'><div data-rel='slideshow-1' class='avia-slide-wrap'   ><img decoding=\"async\" fetchpriority=\"high\" class=\"wp-image-3527 avia-img-lazy-loading-not-3527\"  src=\"https:\/\/www.golfhimmel.de\/wp-content\/uploads\/2024\/09\/04_Beitragsbild-1500x430.jpg\" width=\"1500\" height=\"430\" title='04_Beitragsbild' alt=''  itemprop=\"thumbnailUrl\"   \/><\/div><\/li><li  class='avia-slideshow-slide av-mke46nqm-da1d5865a45d5a6615a5deb887ef2bfb__2  slide-3 slide-odd'><div data-rel='slideshow-1' class='avia-slide-wrap'   ><img decoding=\"async\" fetchpriority=\"high\" class=\"wp-image-3315 avia-img-lazy-loading-not-3315\"  src=\"https:\/\/www.golfhimmel.de\/wp-content\/uploads\/2024\/02\/Olching_VS83244-1500x430.jpg\" width=\"1500\" height=\"430\" title='Olching_VS83244' alt=''  itemprop=\"thumbnailUrl\"   \/><\/div><\/li><\/ul><div class='avia-slideshow-arrows avia-slideshow-controls' ><a href='#prev' class='prev-slide  avia-svg-icon avia-font-svg_entypo-fontello' data-av_svg_icon='left-open-big' data-av_iconset='svg_entypo-fontello' tabindex='-1' title=\"Previous\"><svg version=\"1.1\" xmlns=\"http:\/\/www.w3.org\/2000\/svg\" width=\"15\" height=\"32\" viewbox=\"0 0 15 32\" preserveaspectratio=\"xMidYMid meet\" aria-labelledby='av-svg-title-1' aria-describedby='av-svg-desc-1' role=\"graphics-symbol\" aria-hidden=\"true\">\n<title id='av-svg-title-1'>Previous<\/title>\n<desc id='av-svg-desc-1'>Previous<\/desc>\n<path d=\"M14.464 27.84q0.832 0.832 0 1.536-0.832 0.832-1.536 0l-12.544-12.608q-0.768-0.768 0-1.6l12.544-12.608q0.704-0.832 1.536 0 0.832 0.704 0 1.536l-11.456 11.904z\"><\/path>\n<\/svg><span class='avia_hidden_link_text'>Previous<\/span><\/a><a href='#next' class='next-slide  avia-svg-icon avia-font-svg_entypo-fontello' data-av_svg_icon='right-open-big' data-av_iconset='svg_entypo-fontello' tabindex='-1' title=\"Next\"><svg version=\"1.1\" xmlns=\"http:\/\/www.w3.org\/2000\/svg\" width=\"15\" height=\"32\" viewbox=\"0 0 15 32\" preserveaspectratio=\"xMidYMid meet\" aria-labelledby='av-svg-title-2' aria-describedby='av-svg-desc-2' role=\"graphics-symbol\" aria-hidden=\"true\">\n<title id='av-svg-title-2'>Next<\/title>\n<desc id='av-svg-desc-2'>Next<\/desc>\n<path d=\"M0.416 27.84l11.456-11.84-11.456-11.904q-0.832-0.832 0-1.536 0.832-0.832 1.536 0l12.544 12.608q0.768 0.832 0 1.6l-12.544 12.608q-0.704 0.832-1.536 0-0.832-0.704 0-1.536z\"><\/path>\n<\/svg><span class='avia_hidden_link_text'>Next<\/span><\/a><\/div><div class='avia-slideshow-dots avia-slideshow-controls'><a href='#1' class='goto-slide active' >1<\/a><a href='#2' class='goto-slide' >2<\/a><a href='#3' class='goto-slide' >3<\/a><\/div><\/div><\/div><div id='after_full_slider_1'  class='main_color av_default_container_wrap container_wrap sidebar_right'  ><div class='container av-section-cont-open' ><div class='template-page content  av-content-small alpha units'><div class='post-entry post-entry-type-page post-entry-3908'><div class='entry-content-wrapper clearfix'>\n\n<style type=\"text\/css\" data-created_by=\"avia_inline_auto\" id=\"style-css-av-3fdj5d-167664ddc10ea248c4ccd056ce9064ad\">\n#top .flex_column.av-3fdj5d-167664ddc10ea248c4ccd056ce9064ad{\nmargin-top:0px;\nmargin-bottom:0px;\n}\n.flex_column.av-3fdj5d-167664ddc10ea248c4ccd056ce9064ad{\nborder-radius:0px 0px 0px 0px;\npadding:0px 0px 0px 0px;\n}\n.responsive #top #wrap_all .flex_column.av-3fdj5d-167664ddc10ea248c4ccd056ce9064ad{\nmargin-top:0px;\nmargin-bottom:0px;\n}\n<\/style>\n<div  class='flex_column av-3fdj5d-167664ddc10ea248c4ccd056ce9064ad av_one_full  avia-builder-el-1  el_after_av_slideshow_full  el_before_av_one_half  avia-builder-el-first  first flex_column_div av-animated-generic bottom-to-top av-zero-column-padding'     ><p>\n<style type=\"text\/css\" data-created_by=\"avia_inline_auto\" id=\"style-css-av-11ixkp-7b35cb19e7fcb8004da625e339a866a3\">\n#top .av-special-heading.av-11ixkp-7b35cb19e7fcb8004da625e339a866a3{\npadding-bottom:0;\n}\nbody .av-special-heading.av-11ixkp-7b35cb19e7fcb8004da625e339a866a3 .av-special-heading-tag .heading-char{\nfont-size:25px;\n}\n.av-special-heading.av-11ixkp-7b35cb19e7fcb8004da625e339a866a3 .av-subheading{\nfont-size:15px;\n}\n<\/style>\n<div  class='av-special-heading av-11ixkp-7b35cb19e7fcb8004da625e339a866a3 av-special-heading-h2 blockquote modern-quote  avia-builder-el-2  el_before_av_hr  avia-builder-el-first'><h2 class='av-special-heading-tag'  itemprop=\"headline\"  >Bunkerkonzepte &#8211; wichtig f\u00fcr die Zukunft<\/h2><div class=\"special-heading-border\"><div class=\"special-heading-inner-border\"><\/div><\/div><\/div><br \/>\n\n<style type=\"text\/css\" data-created_by=\"avia_inline_auto\" id=\"style-css-av-317kcp-1f0bbfbd1fbd5d2c8aa36168450e9df6\">\n#top .hr.av-317kcp-1f0bbfbd1fbd5d2c8aa36168450e9df6{\nmargin-top:10px;\nmargin-bottom:10px;\n}\n.hr.av-317kcp-1f0bbfbd1fbd5d2c8aa36168450e9df6 .hr-inner{\nwidth:50px;\nborder-color:#78d635;\n}\n<\/style>\n<div  class='hr av-317kcp-1f0bbfbd1fbd5d2c8aa36168450e9df6 hr-custom  avia-builder-el-3  el_after_av_heading  avia-builder-el-last  hr-left hr-icon-no'><span class='hr-inner inner-border-av-border-fat'><span class=\"hr-inner-style\"><\/span><\/span><\/div><\/p><\/div>\n<style type=\"text\/css\" data-created_by=\"avia_inline_auto\" id=\"style-css-av-2w4xi9-822a674fc082b39eac445bbc1315fbe0\">\n#top .flex_column.av-2w4xi9-822a674fc082b39eac445bbc1315fbe0{\nmargin-top:0px;\nmargin-bottom:0px;\n}\n.flex_column.av-2w4xi9-822a674fc082b39eac445bbc1315fbe0{\nborder-radius:0px 0px 0px 0px;\npadding:0px 0px 0px 0px;\n}\n.responsive #top #wrap_all .flex_column.av-2w4xi9-822a674fc082b39eac445bbc1315fbe0{\nmargin-top:0px;\nmargin-bottom:0px;\n}\n<\/style>\n<div  class='flex_column av-2w4xi9-822a674fc082b39eac445bbc1315fbe0 av_one_half  avia-builder-el-4  el_after_av_one_full  el_before_av_one_half  first av-break-at-tablet flex_column_div av-animated-generic bottom-to-top av-zero-column-padding  column-top-margin'     ><section  class='av_textblock_section av-2p4rkp-341a59151a30322a7ac3a2f3d78b39e9'   itemscope=\"itemscope\" itemtype=\"https:\/\/schema.org\/CreativeWork\" ><div class='avia_textblock'  itemprop=\"text\" ><p>The guiding principle of our design is: Those who plan and construct with the terrain in mind avoid high initial and subsequent costs, achieving a <strong>harmonious golf course<\/strong>, which blends into its natural surroundings. The basis for the designs is a combination of the history of the game and the requirements of modern design and construction methods.<\/p>\n<\/div><\/section><\/div><\/p>\n\n<style type=\"text\/css\" data-created_by=\"avia_inline_auto\" id=\"style-css-av-9c2up-1d58fc82f6dec9a44680fb118ed6efeb\">\n#top .flex_column.av-9c2up-1d58fc82f6dec9a44680fb118ed6efeb{\nmargin-top:0px;\nmargin-bottom:0px;\n}\n.flex_column.av-9c2up-1d58fc82f6dec9a44680fb118ed6efeb{\nborder-radius:0px 0px 0px 0px;\npadding:0px 0px 0px 0px;\n}\n.responsive #top #wrap_all .flex_column.av-9c2up-1d58fc82f6dec9a44680fb118ed6efeb{\nmargin-top:0px;\nmargin-bottom:0px;\n}\n<\/style>\n<div  class='flex_column av-9c2up-1d58fc82f6dec9a44680fb118ed6efeb av_one_half  avia-builder-el-6  el_after_av_one_half  el_before_av_one_full  av-break-at-tablet flex_column_div av-animated-generic bottom-to-top av-zero-column-padding  column-top-margin'     ><section  class='av_textblock_section av-2dmssp-1449d3117b4f47b3c14ad6d575031109'   itemscope=\"itemscope\" itemtype=\"https:\/\/schema.org\/CreativeWork\" ><div class='avia_textblock'  itemprop=\"text\" ><p>A top class golf course can be created in ideal terrain without the movement of much earth \u2013 or require more major construction in other circumstances. The goal in the end is always to create an impression of harmony between the newly created golf course and its natural environment. Here you will find a complete list of our <a title=\"References_Himmel Golf Design_061120\" href=\"https:\/\/relaunch.golfhimmel.de\/wp-content\/uploads\/2020\/12\/References_Himmel-Golf-Design_061120-1.pdf\">References<\/a><\/p>\n<\/div><\/section><\/div>\n\n<style type=\"text\/css\" data-created_by=\"avia_inline_auto\" id=\"style-css-av-27c2rd-7a89dfb5141e92a074ef5a5bdc15d7cc\">\n.flex_column.av-27c2rd-7a89dfb5141e92a074ef5a5bdc15d7cc{\nborder-radius:0px 0px 0px 0px;\npadding:0px 0px 0px 0px;\n}\n<\/style>\n<div  class='flex_column av-27c2rd-7a89dfb5141e92a074ef5a5bdc15d7cc av_one_full  avia-builder-el-8  el_after_av_one_half  el_before_av_one_third  first flex_column_div av-animated-generic bottom-to-top av-zero-column-padding  column-top-margin'     ><div  class='togglecontainer av-mke635p4-404529ddc6c7136d72f88e8a0e28d56a  avia-builder-el-9  avia-builder-el-no-sibling  toggle_close_all' >\n<section class='av_toggle_section av-mke555pl-93157e2f1a033e62ff9cdc0c018ffaff'  itemscope=\"itemscope\" itemtype=\"https:\/\/schema.org\/CreativeWork\" ><div role=\"tablist\" class=\"single_toggle\" data-tags=\"{All} \"  ><p id='toggle-toggle-id-1' data-fake-id='#toggle-id-1' class='toggler  activeTitle av-title-above'  itemprop=\"headline\"  role='tab' tabindex='0' aria-controls='toggle-id-1' data-slide-speed=\"200\" data-title=\"Problematik\" data-title-open=\"\" data-aria_collapsed=\"Click to expand: Problematik\" data-aria_expanded=\"Click to collapse: Problematik\">Problematik<span class=\"toggle_icon\"><span class=\"vert_icon\"><\/span><span class=\"hor_icon\"><\/span><\/span><\/p><div id='toggle-id-1' aria-labelledby='toggle-toggle-id-1' role='region' class='toggle_wrap  active_tc av-title-above' style='display:block;' ><div class='toggle_content invers-color'  itemprop=\"text\" ><p>Bunkerproblematik:<\/p>\n<p>Extremwetterereignisse, Personalmangel und extravagentes Design k\u00f6nnen langfristige Qualit\u00e4tsprobleme verursachen und ein unn\u00f6tigen Kostenfaktor bedeuten. Spieltechnisch und optisch interessante Bunker sind nur schwer ganz ohne Handarbeit und Personal zu pflegen. Dennoch k\u00f6nnen gut und nachhaltig designte Bunker eine positiven Beitrag zur Qualit\u00e4t und Wirtschaftlichkeit leisten.<\/p>\n<p>Auch fehlerfhaft platzierte oder gar unn\u00f6tig viele Bunker wirken sich oftmals negativ aus.<\/p>\n<p><img loading=\"lazy\" decoding=\"async\" class=\"alignleft size-portfolio wp-image-3910\" src=\"https:\/\/www.golfhimmel.de\/wp-content\/uploads\/2026\/01\/IMG_8124-495x400.jpg\" alt=\"\" width=\"495\" height=\"400\" srcset=\"https:\/\/www.golfhimmel.de\/wp-content\/uploads\/2026\/01\/IMG_8124-495x400.jpg 495w, https:\/\/www.golfhimmel.de\/wp-content\/uploads\/2026\/01\/IMG_8124-16x12.jpg 16w, https:\/\/www.golfhimmel.de\/wp-content\/uploads\/2026\/01\/IMG_8124-845x684.jpg 845w\" sizes=\"auto, (max-width: 495px) 100vw, 495px\" \/><\/p>\n<p><img loading=\"lazy\" decoding=\"async\" class=\"alignleft size-portfolio wp-image-3911\" src=\"https:\/\/www.golfhimmel.de\/wp-content\/uploads\/2026\/01\/Bunker_2-495x400.jpg\" alt=\"\" width=\"495\" height=\"400\" \/><\/p>\n<\/div><\/div><\/div><\/section>\n<section class='av_toggle_section av-mke5qb3a-1f572fdf77a4497df5b355ad9f7d72f0'  itemscope=\"itemscope\" itemtype=\"https:\/\/schema.org\/CreativeWork\" ><div role=\"tablist\" class=\"single_toggle\" data-tags=\"{All} \"  ><p id='toggle-toggle-id-2' data-fake-id='#toggle-id-2' class='toggler  av-title-above'  itemprop=\"headline\"  role='tab' tabindex='0' aria-controls='toggle-id-2' data-slide-speed=\"200\" data-title=\"Bunkeranlayse\" data-title-open=\"\" data-aria_collapsed=\"Click to expand: Bunkeranlayse\" data-aria_expanded=\"Click to collapse: Bunkeranlayse\">Bunkeranlayse<span class=\"toggle_icon\"><span class=\"vert_icon\"><\/span><span class=\"hor_icon\"><\/span><\/span><\/p><div id='toggle-id-2' aria-labelledby='toggle-toggle-id-2' role='region' class='toggle_wrap  av-title-above'  ><div class='toggle_content invers-color'  itemprop=\"text\" ><p>Optimale Analysen der Bunkerstartegie in Verbindung mit der Anzahl an Bunkern kann nicht nur die Wirtschaftlichkeit sondern auch die Spielvielfalt erh\u00f6hen. Eine fachlich kompetente Begleitung f\u00fcr die Umwandlung bestehender Gr\u00fcnbunker in z.B. kurzgem\u00e4hte &#8222;Run-Offs&#8220; oder Grasmulde kann die Vielfalt im kurzen Spiel deutlich anheben.<\/p>\n<p>Unn\u00f6tige Bunker k\u00f6nnen oftmals geschlossen werden. Es muss dennoch immer beachtet werden, dass Bunker ein exterm wichtiger Bestandteil f\u00fcr das Spiel und die Optik eines Platzes sind.<\/p>\n<p><img loading=\"lazy\" decoding=\"async\" class=\"alignleft size-entry_without_sidebar wp-image-3912\" src=\"https:\/\/www.golfhimmel.de\/wp-content\/uploads\/2026\/01\/GCCZ_5_Bestand-1210x423.jpg\" alt=\"\" width=\"1210\" height=\"423\" srcset=\"https:\/\/www.golfhimmel.de\/wp-content\/uploads\/2026\/01\/GCCZ_5_Bestand-1210x423.jpg 1210w, https:\/\/www.golfhimmel.de\/wp-content\/uploads\/2026\/01\/GCCZ_5_Bestand-300x106.jpg 300w, https:\/\/www.golfhimmel.de\/wp-content\/uploads\/2026\/01\/GCCZ_5_Bestand-18x6.jpg 18w\" sizes=\"auto, (max-width: 1210px) 100vw, 1210px\" \/> <img loading=\"lazy\" decoding=\"async\" class=\"alignleft size-entry_without_sidebar wp-image-3913\" src=\"https:\/\/www.golfhimmel.de\/wp-content\/uploads\/2026\/01\/GCCZ_5_Planung-1210x423.jpg\" alt=\"\" width=\"1210\" height=\"423\" srcset=\"https:\/\/www.golfhimmel.de\/wp-content\/uploads\/2026\/01\/GCCZ_5_Planung-1210x423.jpg 1210w, https:\/\/www.golfhimmel.de\/wp-content\/uploads\/2026\/01\/GCCZ_5_Planung-18x6.jpg 18w\" sizes=\"auto, (max-width: 1210px) 100vw, 1210px\" \/><\/p>\n<p><img loading=\"lazy\" decoding=\"async\" class=\"alignleft size-portfolio wp-image-3914\" src=\"https:\/\/www.golfhimmel.de\/wp-content\/uploads\/2026\/01\/Runoffdesign_1-495x400.jpg\" alt=\"\" width=\"495\" height=\"400\" srcset=\"https:\/\/www.golfhimmel.de\/wp-content\/uploads\/2026\/01\/Runoffdesign_1-495x400.jpg 495w, https:\/\/www.golfhimmel.de\/wp-content\/uploads\/2026\/01\/Runoffdesign_1-845x684.jpg 845w\" sizes=\"auto, (max-width: 495px) 100vw, 495px\" \/>\u00a0<img loading=\"lazy\" decoding=\"async\" class=\"alignleft size-portfolio wp-image-3915\" src=\"https:\/\/www.golfhimmel.de\/wp-content\/uploads\/2026\/01\/Runoffdesign_2-495x400.jpg\" alt=\"\" width=\"495\" height=\"400\" srcset=\"https:\/\/www.golfhimmel.de\/wp-content\/uploads\/2026\/01\/Runoffdesign_2-495x400.jpg 495w, https:\/\/www.golfhimmel.de\/wp-content\/uploads\/2026\/01\/Runoffdesign_2-845x684.jpg 845w\" sizes=\"auto, (max-width: 495px) 100vw, 495px\" \/><\/p>\n<\/div><\/div><\/div><\/section>\n<section class='av_toggle_section av-mke62yga-f2cf006316e85478d35dbbc8cc68e414'  itemscope=\"itemscope\" itemtype=\"https:\/\/schema.org\/CreativeWork\" ><div role=\"tablist\" class=\"single_toggle\" data-tags=\"{All} \"  ><p id='toggle-toggle-id-3' data-fake-id='#toggle-id-3' class='toggler  av-title-above'  itemprop=\"headline\"  role='tab' tabindex='0' aria-controls='toggle-id-3' data-slide-speed=\"200\" data-title=\"Nachhaltigkeit\" data-title-open=\"\" data-aria_collapsed=\"Click to expand: Nachhaltigkeit\" data-aria_expanded=\"Click to collapse: Nachhaltigkeit\">Sustainability<span class=\"toggle_icon\"><span class=\"vert_icon\"><\/span><span class=\"hor_icon\"><\/span><\/span><\/p><div id='toggle-id-3' aria-labelledby='toggle-toggle-id-3' role='region' class='toggle_wrap  av-title-above'  ><div class='toggle_content invers-color'  itemprop=\"text\" ><p>Nat\u00fcrlicher gestaltete Bunker in der <strong>klassischen Ausf\u00fchrung alter Traditionspl\u00e4tze<\/strong> Anfang des 20. Jahrhundert sind im Trend und verursachen &#8211; neben einem nat\u00fcrlicheren Erscheinungsbild &#8211; eine <strong>Reduzierung des Pflegeaufwandes<\/strong> sowie der damit verbundenen Kosten.<\/p>\n<p><img loading=\"lazy\" decoding=\"async\" class=\"alignleft size-portfolio wp-image-3916\" src=\"https:\/\/www.golfhimmel.de\/wp-content\/uploads\/2026\/01\/IMG_6739-495x400.jpg\" alt=\"\" width=\"495\" height=\"400\" \/> <img loading=\"lazy\" decoding=\"async\" class=\"alignleft size-portfolio wp-image-3917\" src=\"https:\/\/www.golfhimmel.de\/wp-content\/uploads\/2026\/01\/IMG_7405-495x400.jpg\" alt=\"\" width=\"495\" height=\"400\" srcset=\"https:\/\/www.golfhimmel.de\/wp-content\/uploads\/2026\/01\/IMG_7405-495x400.jpg 495w, https:\/\/www.golfhimmel.de\/wp-content\/uploads\/2026\/01\/IMG_7405-845x684.jpg 845w\" sizes=\"auto, (max-width: 495px) 100vw, 495px\" \/> <img loading=\"lazy\" decoding=\"async\" class=\"alignleft wp-image-3387 size-portfolio\" src=\"https:\/\/www.golfhimmel.de\/wp-content\/uploads\/2024\/02\/20230713_173713-495x400.jpg\" alt=\"\" width=\"495\" height=\"400\" srcset=\"https:\/\/www.golfhimmel.de\/wp-content\/uploads\/2024\/02\/20230713_173713-495x400.jpg 495w, https:\/\/www.golfhimmel.de\/wp-content\/uploads\/2024\/02\/20230713_173713-16x12.jpg 16w, https:\/\/www.golfhimmel.de\/wp-content\/uploads\/2024\/02\/20230713_173713-845x684.jpg 845w\" sizes=\"auto, (max-width: 495px) 100vw, 495px\" \/> <img loading=\"lazy\" decoding=\"async\" class=\"alignleft size-portfolio wp-image-3918\" src=\"https:\/\/www.golfhimmel.de\/wp-content\/uploads\/2026\/01\/IMG_7456-495x400.jpg\" alt=\"\" width=\"495\" height=\"400\" srcset=\"https:\/\/www.golfhimmel.de\/wp-content\/uploads\/2026\/01\/IMG_7456-495x400.jpg 495w, https:\/\/www.golfhimmel.de\/wp-content\/uploads\/2026\/01\/IMG_7456-845x684.jpg 845w\" sizes=\"auto, (max-width: 495px) 100vw, 495px\" \/><\/p>\n<\/div><\/div><\/div><\/section>\n<\/div><\/div>\n<style type=\"text\/css\" data-created_by=\"avia_inline_auto\" id=\"style-css-av-qtslt-78fc37457ec8864ba9cd2ad43ed2d7c0\">\n.flex_column.av-qtslt-78fc37457ec8864ba9cd2ad43ed2d7c0{\nborder-radius:0px 0px 0px 0px;\npadding:0px 0px 0px 0px;\n}\n<\/style>\n<div  class='flex_column av-qtslt-78fc37457ec8864ba9cd2ad43ed2d7c0 av_one_third  avia-builder-el-10  el_after_av_one_full  el_before_av_one_third  first flex_column_div av-animated-generic bottom-to-top av-zero-column-padding  column-top-margin'     ><style type=\"text\/css\" data-created_by=\"avia_inline_auto\" id=\"style-css-av-nfwhl-0abf0db415d24a5e4a03074ad3873dcf\">\n.avia-image-container.av-nfwhl-0abf0db415d24a5e4a03074ad3873dcf img.avia_image{\nbox-shadow:none;\n}\n.avia-image-container.av-nfwhl-0abf0db415d24a5e4a03074ad3873dcf .av-image-caption-overlay-center{\ncolor:#ffffff;\n}\n<\/style>\n<div  class='avia-image-container av-nfwhl-0abf0db415d24a5e4a03074ad3873dcf av-styling-no-styling avia-align-center  avia-builder-el-11  avia-builder-el-no-sibling'   itemprop=\"image\" itemscope=\"itemscope\" itemtype=\"https:\/\/schema.org\/ImageObject\" ><div class=\"avia-image-container-inner\"><div class=\"avia-image-overlay-wrap\"><img decoding=\"async\" fetchpriority=\"high\" class='wp-image-497 avia-img-lazy-loading-not-497 avia_image' src=\"https:\/\/www.golfhimmel.de\/wp-content\/uploads\/2020\/12\/SonGual_15_klein_VS11346_4zu3.jpg\" alt='' title='Golf Son Gual, Mallorca, 11\/2008'  height=\"800\" width=\"1067\"  itemprop=\"thumbnailUrl\" srcset=\"https:\/\/www.golfhimmel.de\/wp-content\/uploads\/2020\/12\/SonGual_15_klein_VS11346_4zu3.jpg 1067w, https:\/\/www.golfhimmel.de\/wp-content\/uploads\/2020\/12\/SonGual_15_klein_VS11346_4zu3-300x225.jpg 300w, https:\/\/www.golfhimmel.de\/wp-content\/uploads\/2020\/12\/SonGual_15_klein_VS11346_4zu3-1030x772.jpg 1030w, https:\/\/www.golfhimmel.de\/wp-content\/uploads\/2020\/12\/SonGual_15_klein_VS11346_4zu3-768x576.jpg 768w, https:\/\/www.golfhimmel.de\/wp-content\/uploads\/2020\/12\/SonGual_15_klein_VS11346_4zu3-705x529.jpg 705w\" sizes=\"(max-width: 1067px) 100vw, 1067px\" \/><\/div><\/div><\/div><\/div><\/p>\n\n<style type=\"text\/css\" data-created_by=\"avia_inline_auto\" id=\"style-css-av-1f7ysx-da4c688aebb99559993132d252ab6094\">\n.flex_column.av-1f7ysx-da4c688aebb99559993132d252ab6094{\nborder-radius:0px 0px 0px 0px;\npadding:0px 0px 0px 0px;\n}\n<\/style>\n<div  class='flex_column av-1f7ysx-da4c688aebb99559993132d252ab6094 av_one_third  avia-builder-el-12  el_after_av_one_third  el_before_av_one_third  flex_column_div av-animated-generic bottom-to-top av-zero-column-padding  column-top-margin'     ><p>\n<style type=\"text\/css\" data-created_by=\"avia_inline_auto\" id=\"style-css-av-121xzl-09cba664a97d1eb65e3f73b02ebc2c8f\">\n#top .hr.hr-invisible.av-121xzl-09cba664a97d1eb65e3f73b02ebc2c8f{\nheight:30px;\n}\n<\/style>\n<div  class='hr av-121xzl-09cba664a97d1eb65e3f73b02ebc2c8f hr-invisible  avia-builder-el-13  el_before_av_heading  avia-builder-el-first  av-desktop-hide'><span class='hr-inner'><span class=\"hr-inner-style\"><\/span><\/span><\/div><br \/>\n\n<style type=\"text\/css\" data-created_by=\"avia_inline_auto\" id=\"style-css-av-avjrl-e75b5b5cd0cc40db54543ac5c3e16278\">\n#top .av-special-heading.av-avjrl-e75b5b5cd0cc40db54543ac5c3e16278{\npadding-bottom:0;\n}\nbody .av-special-heading.av-avjrl-e75b5b5cd0cc40db54543ac5c3e16278 .av-special-heading-tag .heading-char{\nfont-size:25px;\n}\n.av-special-heading.av-avjrl-e75b5b5cd0cc40db54543ac5c3e16278 .av-subheading{\nfont-size:15px;\n}\n<\/style>\n<div  class='av-special-heading av-avjrl-e75b5b5cd0cc40db54543ac5c3e16278 av-special-heading-h2 blockquote modern-quote  avia-builder-el-14  el_after_av_hr  el_before_av_hr'><h2 class='av-special-heading-tag'  itemprop=\"headline\"  >Der Bunker als optisches Element<\/h2><div class=\"special-heading-border\"><div class=\"special-heading-inner-border\"><\/div><\/div><\/div><br \/>\n\n<style type=\"text\/css\" data-created_by=\"avia_inline_auto\" id=\"style-css-av-121xzl-9ce954dc1bf20a50e606e37a9963cb2d\">\n#top .hr.av-121xzl-9ce954dc1bf20a50e606e37a9963cb2d{\nmargin-top:10px;\nmargin-bottom:10px;\n}\n.hr.av-121xzl-9ce954dc1bf20a50e606e37a9963cb2d .hr-inner{\nwidth:50px;\nborder-color:#78d635;\n}\n<\/style>\n<div  class='hr av-121xzl-9ce954dc1bf20a50e606e37a9963cb2d hr-custom  avia-builder-el-15  el_after_av_heading  el_before_av_textblock  hr-left hr-icon-no'><span class='hr-inner inner-border-av-border-fat'><span class=\"hr-inner-style\"><\/span><\/span><\/div><br \/>\n<section  class='av_textblock_section av-xsiu9-18d16da684c23f0f2ba03bccfd2c5cb7'   itemscope=\"itemscope\" itemtype=\"https:\/\/schema.org\/CreativeWork\" ><div class='avia_textblock'  itemprop=\"text\" ><p>The <strong>Individualit\u00e4t von Bunkern<\/strong> ist ihre St\u00e4rke. Sie geben jedem Golfplatz ein <strong>Alleinstellungsmerkmal<\/strong> und tragen zur Strategie und dem Anspruch eines Golfplatzes in hohem Ma\u00dfe bei. Sie m\u00fcssen an das grunds\u00e4tzliche Designkonzept des Platzes\u00a0 &#8211; ist es eher ein Parkland-Platz, einer mit eher zahlreichen wasserhindernisse, ein eher offener Platz oder ein sehr h\u00fcgeliges Platz &#8211; wo die Schweirigkeiten unterschiedlich gewichtet sind.<\/p>\n<p>Es gibt <strong>keine Formel<\/strong> f\u00fcr die <strong>Anzahl<\/strong>, die <strong>Gr\u00f6\u00dfe<\/strong>, die <strong>Form<\/strong> and the <strong>Optik<\/strong>. Ein fachlich fundierte Planung, die alle wichtigen Merkmale ber\u00fccksichtigt, ist aber unerl\u00e4sslich.<\/p>\n<\/div><\/section><\/p><\/div>\n<style type=\"text\/css\" data-created_by=\"avia_inline_auto\" id=\"style-css-av-av_one_third-334f9af36cea173305c45a30c585176c\">\n.flex_column.av-av_one_third-334f9af36cea173305c45a30c585176c{\nborder-radius:0px 0px 0px 0px;\npadding:0px 0px 0px 0px;\n}\n<\/style>\n<div  class='flex_column av-av_one_third-334f9af36cea173305c45a30c585176c av_one_third  avia-builder-el-17  el_after_av_one_third  avia-builder-el-last  flex_column_div av-animated-generic bottom-to-top av-zero-column-padding  column-top-margin'     ><style type=\"text\/css\" data-created_by=\"avia_inline_auto\" id=\"style-css-av-mke6fkzn-43e31af515e9aa2d309c978e53fd46cb\">\n.avia-image-container.av-mke6fkzn-43e31af515e9aa2d309c978e53fd46cb img.avia_image{\nbox-shadow:none;\n}\n.avia-image-container.av-mke6fkzn-43e31af515e9aa2d309c978e53fd46cb .av-image-caption-overlay-center{\ncolor:#ffffff;\n}\n<\/style>\n<div  class='avia-image-container av-mke6fkzn-43e31af515e9aa2d309c978e53fd46cb av-styling-no-styling avia-align-center  avia-builder-el-18  avia-builder-el-no-sibling'   itemprop=\"image\" itemscope=\"itemscope\" itemtype=\"https:\/\/schema.org\/ImageObject\" ><div class=\"avia-image-container-inner\"><div class=\"avia-image-overlay-wrap\"><img decoding=\"async\" fetchpriority=\"high\" class='wp-image-3090 avia-img-lazy-loading-not-3090 avia_image' src=\"https:\/\/www.golfhimmel.de\/wp-content\/uploads\/2023\/03\/Achental_VS78723-495x400.jpg\" alt='' title='Achental_VS78723'  height=\"400\" width=\"495\"  itemprop=\"thumbnailUrl\" srcset=\"https:\/\/www.golfhimmel.de\/wp-content\/uploads\/2023\/03\/Achental_VS78723-495x400.jpg 495w, https:\/\/www.golfhimmel.de\/wp-content\/uploads\/2023\/03\/Achental_VS78723-845x684.jpg 845w\" sizes=\"(max-width: 495px) 100vw, 495px\" \/><\/div><\/div><\/div><\/div><\/p>","protected":false},"excerpt":{"rendered":"","protected":false},"author":2,"featured_media":0,"parent":0,"menu_order":0,"comment_status":"closed","ping_status":"closed","template":"","meta":{"footnotes":""},"class_list":["post-3908","page","type-page","status-publish","hentry"],"_links":{"self":[{"href":"https:\/\/www.golfhimmel.de\/en\/wp-json\/wp\/v2\/pages\/3908","targetHints":{"allow":["GET"]}}],"collection":[{"href":"https:\/\/www.golfhimmel.de\/en\/wp-json\/wp\/v2\/pages"}],"about":[{"href":"https:\/\/www.golfhimmel.de\/en\/wp-json\/wp\/v2\/types\/page"}],"author":[{"embeddable":true,"href":"https:\/\/www.golfhimmel.de\/en\/wp-json\/wp\/v2\/users\/2"}],"replies":[{"embeddable":true,"href":"https:\/\/www.golfhimmel.de\/en\/wp-json\/wp\/v2\/comments?post=3908"}],"version-history":[{"count":1,"href":"https:\/\/www.golfhimmel.de\/en\/wp-json\/wp\/v2\/pages\/3908\/revisions"}],"predecessor-version":[{"id":3919,"href":"https:\/\/www.golfhimmel.de\/en\/wp-json\/wp\/v2\/pages\/3908\/revisions\/3919"}],"wp:attachment":[{"href":"https:\/\/www.golfhimmel.de\/en\/wp-json\/wp\/v2\/media?parent=3908"}],"curies":[{"name":"wp","href":"https:\/\/api.w.org\/{rel}","templated":true}]}}