{"id":113,"date":"2020-10-15T14:34:37","date_gmt":"2020-10-15T14:34:37","guid":{"rendered":"http:\/\/test.kriesi.at\/construction\/?page_id=113"},"modified":"2021-01-07T10:23:13","modified_gmt":"2021-01-07T10:23:13","slug":"neubau","status":"publish","type":"page","link":"https:\/\/www.golfhimmel.de\/es\/neubau\/","title":{"rendered":"Campos nuevos"},"content":{"rendered":"<div id='full_slider_1'  class='avia-fullwidth-slider main_color avia-shadow   avia-builder-el-0  el_before_av_one_full  avia-builder-el-first   container_wrap sidebar_right'  ><div  class='avia-slideshow av-ki4vodk9-ac46c97c970b400cd8d72d5e66197e4c avia-slideshow-featured av_slideshow_full avia-slide-slider av-slideshow-ui av-control-default av-slideshow-manual av-loop-once av-loop-manual-endless av-default-height-applied   avia-slideshow-1' data-slideshow-options=\"{&quot;animation&quot;:&quot;slide&quot;,&quot;autoplay&quot;:false,&quot;loop_autoplay&quot;:&quot;once&quot;,&quot;interval&quot;:5,&quot;loop_manual&quot;:&quot;manual-endless&quot;,&quot;autoplay_stopper&quot;:false,&quot;noNavigation&quot;:false,&quot;bg_slider&quot;:false,&quot;keep_padding&quot;:false,&quot;hoverpause&quot;:false,&quot;show_slide_delay&quot;:0}\"  itemprop=\"image\" itemscope=\"itemscope\" itemtype=\"https:\/\/schema.org\/ImageObject\" ><ul class='avia-slideshow-inner' style='padding-bottom: 28.666666666667%;'><li  class='avia-slideshow-slide av-ki4vodk9-ac46c97c970b400cd8d72d5e66197e4c__0  slide-1 slide-odd'><div data-rel='slideshow-1' class='avia-slide-wrap'   ><img decoding=\"async\" fetchpriority=\"high\" class=\"wp-image-474 avia-img-lazy-loading-not-474\"  src=\"https:\/\/www.golfhimmel.de\/wp-content\/uploads\/2020\/11\/MG_0677-2_4zu3-1500x430.jpg\" width=\"1500\" height=\"430\" title='_MG_0677 (2)_4zu3' alt=''  itemprop=\"thumbnailUrl\"   \/><\/div><\/li><li  class='avia-slideshow-slide av-ki4vodk9-ac46c97c970b400cd8d72d5e66197e4c__1  slide-2 slide-even'><div data-rel='slideshow-1' class='avia-slide-wrap'   ><img decoding=\"async\" fetchpriority=\"high\" class=\"wp-image-477 avia-img-lazy-loading-not-477\"  src=\"https:\/\/www.golfhimmel.de\/wp-content\/uploads\/2020\/11\/PAR7870_4zu3-1500x430.jpg\" width=\"1500\" height=\"430\" title='PAR7870_4zu3' alt=''  itemprop=\"thumbnailUrl\"   \/><\/div><\/li><li  class='avia-slideshow-slide av-ki4vodk9-ac46c97c970b400cd8d72d5e66197e4c__2  slide-3 slide-odd'><div data-rel='slideshow-1' class='avia-slide-wrap'   ><img decoding=\"async\" fetchpriority=\"high\" class=\"wp-image-484 avia-img-lazy-loading-not-484\"  src=\"https:\/\/www.golfhimmel.de\/wp-content\/uploads\/2020\/11\/Waldsee_4zu3-1500x430.jpg\" width=\"1500\" height=\"430\" title='Waldsee_4zu3' alt=''  itemprop=\"thumbnailUrl\"   \/><\/div><\/li><\/ul><div class='avia-slideshow-arrows avia-slideshow-controls' ><a href='#prev' class='prev-slide  avia-svg-icon avia-font-svg_entypo-fontello' data-av_svg_icon='left-open-big' data-av_iconset='svg_entypo-fontello' tabindex='-1' title=\"Anterior\"><svg version=\"1.1\" xmlns=\"http:\/\/www.w3.org\/2000\/svg\" width=\"15\" height=\"32\" viewbox=\"0 0 15 32\" preserveaspectratio=\"xMidYMid meet\" aria-labelledby='av-svg-title-1' aria-describedby='av-svg-desc-1' role=\"graphics-symbol\" aria-hidden=\"true\">\n<title id='av-svg-title-1'>Anterior<\/title>\n<desc id='av-svg-desc-1'>Anterior<\/desc>\n<path d=\"M14.464 27.84q0.832 0.832 0 1.536-0.832 0.832-1.536 0l-12.544-12.608q-0.768-0.768 0-1.6l12.544-12.608q0.704-0.832 1.536 0 0.832 0.704 0 1.536l-11.456 11.904z\"><\/path>\n<\/svg><span class='avia_hidden_link_text'>Anterior<\/span><\/a><a href='#next' class='next-slide  avia-svg-icon avia-font-svg_entypo-fontello' data-av_svg_icon='right-open-big' data-av_iconset='svg_entypo-fontello' tabindex='-1' title=\"Posterior\"><svg version=\"1.1\" xmlns=\"http:\/\/www.w3.org\/2000\/svg\" width=\"15\" height=\"32\" viewbox=\"0 0 15 32\" preserveaspectratio=\"xMidYMid meet\" aria-labelledby='av-svg-title-2' aria-describedby='av-svg-desc-2' role=\"graphics-symbol\" aria-hidden=\"true\">\n<title id='av-svg-title-2'>Posterior<\/title>\n<desc id='av-svg-desc-2'>Posterior<\/desc>\n<path d=\"M0.416 27.84l11.456-11.84-11.456-11.904q-0.832-0.832 0-1.536 0.832-0.832 1.536 0l12.544 12.608q0.768 0.832 0 1.6l-12.544 12.608q-0.704 0.832-1.536 0-0.832-0.704 0-1.536z\"><\/path>\n<\/svg><span class='avia_hidden_link_text'>Posterior<\/span><\/a><\/div><div class='avia-slideshow-dots avia-slideshow-controls'><a href='#1' class='goto-slide active' >1<\/a><a href='#2' class='goto-slide' >2<\/a><a href='#3' class='goto-slide' >3<\/a><\/div><\/div><\/div><div id='after_full_slider_1'  class='main_color av_default_container_wrap container_wrap sidebar_right'  ><div class='container av-section-cont-open' ><div class='template-page content  av-content-small alpha units'><div class='post-entry post-entry-type-page post-entry-113'><div class='entry-content-wrapper clearfix'>\n\n<style type=\"text\/css\" data-created_by=\"avia_inline_auto\" id=\"style-css-av-3fdj5d-167664ddc10ea248c4ccd056ce9064ad\">\n#top .flex_column.av-3fdj5d-167664ddc10ea248c4ccd056ce9064ad{\nmargin-top:0px;\nmargin-bottom:0px;\n}\n.flex_column.av-3fdj5d-167664ddc10ea248c4ccd056ce9064ad{\nborder-radius:0px 0px 0px 0px;\npadding:0px 0px 0px 0px;\n}\n.responsive #top #wrap_all .flex_column.av-3fdj5d-167664ddc10ea248c4ccd056ce9064ad{\nmargin-top:0px;\nmargin-bottom:0px;\n}\n<\/style>\n<div  class='flex_column av-3fdj5d-167664ddc10ea248c4ccd056ce9064ad av_one_full  avia-builder-el-1  el_after_av_slideshow_full  el_before_av_one_half  avia-builder-el-first  first flex_column_div av-animated-generic bottom-to-top av-zero-column-padding'     ><p>\n<style type=\"text\/css\" data-created_by=\"avia_inline_auto\" id=\"style-css-av-11ixkp-146ee20cbe69c92dac8ec2a6ca3b2ffd\">\n#top .av-special-heading.av-11ixkp-146ee20cbe69c92dac8ec2a6ca3b2ffd{\npadding-bottom:0;\n}\nbody .av-special-heading.av-11ixkp-146ee20cbe69c92dac8ec2a6ca3b2ffd .av-special-heading-tag .heading-char{\nfont-size:25px;\n}\n.av-special-heading.av-11ixkp-146ee20cbe69c92dac8ec2a6ca3b2ffd .av-subheading{\nfont-size:15px;\n}\n<\/style>\n<div  class='av-special-heading av-11ixkp-146ee20cbe69c92dac8ec2a6ca3b2ffd av-special-heading-h2 blockquote modern-quote  avia-builder-el-2  el_before_av_hr  avia-builder-el-first'><h2 class='av-special-heading-tag'  itemprop=\"headline\"  >Filosof\u00eda de dise\u00f1o<\/h2><div class=\"special-heading-border\"><div class=\"special-heading-inner-border\"><\/div><\/div><\/div><br \/>\n\n<style type=\"text\/css\" data-created_by=\"avia_inline_auto\" id=\"style-css-av-317kcp-1f0bbfbd1fbd5d2c8aa36168450e9df6\">\n#top .hr.av-317kcp-1f0bbfbd1fbd5d2c8aa36168450e9df6{\nmargin-top:10px;\nmargin-bottom:10px;\n}\n.hr.av-317kcp-1f0bbfbd1fbd5d2c8aa36168450e9df6 .hr-inner{\nwidth:50px;\nborder-color:#78d635;\n}\n<\/style>\n<div  class='hr av-317kcp-1f0bbfbd1fbd5d2c8aa36168450e9df6 hr-custom  avia-builder-el-3  el_after_av_heading  avia-builder-el-last  hr-left hr-icon-no'><span class='hr-inner inner-border-av-border-fat'><span class=\"hr-inner-style\"><\/span><\/span><\/div><\/p><\/div>\n\n<style type=\"text\/css\" data-created_by=\"avia_inline_auto\" id=\"style-css-av-2w4xi9-822a674fc082b39eac445bbc1315fbe0\">\n#top .flex_column.av-2w4xi9-822a674fc082b39eac445bbc1315fbe0{\nmargin-top:0px;\nmargin-bottom:0px;\n}\n.flex_column.av-2w4xi9-822a674fc082b39eac445bbc1315fbe0{\nborder-radius:0px 0px 0px 0px;\npadding:0px 0px 0px 0px;\n}\n.responsive #top #wrap_all .flex_column.av-2w4xi9-822a674fc082b39eac445bbc1315fbe0{\nmargin-top:0px;\nmargin-bottom:0px;\n}\n<\/style>\n<div  class='flex_column av-2w4xi9-822a674fc082b39eac445bbc1315fbe0 av_one_half  avia-builder-el-4  el_after_av_one_full  el_before_av_one_half  first av-break-at-tablet flex_column_div av-animated-generic bottom-to-top av-zero-column-padding  column-top-margin'     ><section  class='av_textblock_section av-2p4rkp-341a59151a30322a7ac3a2f3d78b39e9'   itemscope=\"itemscope\" itemtype=\"https:\/\/schema.org\/CreativeWork\" ><div class='avia_textblock'  itemprop=\"text\" ><p>Nuestro trabajo sigue unas directrices claras. Al tener en cuenta las condiciones del terreno existente desde el principio, se reducen los gastos iniciales y finales y se consigue crear <strong>un campo de golf lleno de armon\u00eda<\/strong>que se integra en su entorno natural. La base de los dise\u00f1os es la combinaci\u00f3n de la historia del juego y las exigencias del dise\u00f1o moderno y de las t\u00e9cnicas de construcci\u00f3n actuales.<\/p>\n<\/div><\/section><\/div>\n\n<style type=\"text\/css\" data-created_by=\"avia_inline_auto\" id=\"style-css-av-9c2up-1d58fc82f6dec9a44680fb118ed6efeb\">\n#top .flex_column.av-9c2up-1d58fc82f6dec9a44680fb118ed6efeb{\nmargin-top:0px;\nmargin-bottom:0px;\n}\n.flex_column.av-9c2up-1d58fc82f6dec9a44680fb118ed6efeb{\nborder-radius:0px 0px 0px 0px;\npadding:0px 0px 0px 0px;\n}\n.responsive #top #wrap_all .flex_column.av-9c2up-1d58fc82f6dec9a44680fb118ed6efeb{\nmargin-top:0px;\nmargin-bottom:0px;\n}\n<\/style>\n<div  class='flex_column av-9c2up-1d58fc82f6dec9a44680fb118ed6efeb av_one_half  avia-builder-el-6  el_after_av_one_half  el_before_av_one_full  av-break-at-tablet flex_column_div av-animated-generic bottom-to-top av-zero-column-padding  column-top-margin'     ><section  class='av_textblock_section av-2dmssp-1449d3117b4f47b3c14ad6d575031109'   itemscope=\"itemscope\" itemtype=\"https:\/\/schema.org\/CreativeWork\" ><div class='avia_textblock'  itemprop=\"text\" ><p>Se puede crear un campo de golf extraordinario sobre un terreno perfecto sin mover demasiada tierra. Sin embargo, si las condiciones no lo permiten, hay que efectuer obras a gran escala para conseguirlo. El objetivo es siempre que al final se respire armon\u00eda entre el flamante campo de golf y el entorno natural en el que se encuentra. Aqu\u00ed le dejamos una lista con todas nuestras <a title=\"References_Himmel Golf Design_061120\" href=\"https:\/\/relaunch.golfhimmel.de\/wp-content\/uploads\/2020\/12\/References_Himmel-Golf-Design_061120.pdf\">referencias.<\/a><\/p>\n<\/div><\/section><\/div>\n\n<style type=\"text\/css\" data-created_by=\"avia_inline_auto\" id=\"style-css-av-27c2rd-7a89dfb5141e92a074ef5a5bdc15d7cc\">\n.flex_column.av-27c2rd-7a89dfb5141e92a074ef5a5bdc15d7cc{\nborder-radius:0px 0px 0px 0px;\npadding:0px 0px 0px 0px;\n}\n<\/style>\n<div  class='flex_column av-27c2rd-7a89dfb5141e92a074ef5a5bdc15d7cc av_one_full  avia-builder-el-8  el_after_av_one_half  el_before_av_one_half  first flex_column_div av-animated-generic bottom-to-top av-zero-column-padding  column-top-margin'     ><div  class='togglecontainer av-20436x-4181dad8ac113092cbb6ccd1b30b508c  avia-builder-el-9  avia-builder-el-no-sibling  toggle_close_all' >\n<section class='av_toggle_section av-9rd09-bca77a8b94ffdd4b5703fc81db072899'  itemscope=\"itemscope\" itemtype=\"https:\/\/schema.org\/CreativeWork\" ><div role=\"tablist\" class=\"single_toggle\" data-tags=\"{Todo} \"  ><p id='toggle-toggle-id-1' data-fake-id='#toggle-id-1' class='toggler  activeTitle av-title-above'  itemprop=\"headline\"  role='tab' tabindex='0' aria-controls='toggle-id-1' data-slide-speed=\"200\" data-title=\"Strategie\" data-title-open=\"\" data-aria_collapsed=\"Click to expand: Strategie\" data-aria_expanded=\"Click to collapse: Strategie\">Estrategia<span class=\"toggle_icon\"><span class=\"vert_icon\"><\/span><span class=\"hor_icon\"><\/span><\/span><\/p><div id='toggle-id-1' aria-labelledby='toggle-toggle-id-1' role='region' class='toggle_wrap  active_tc av-title-above' style='display:block;' ><div class='toggle_content invers-color'  itemprop=\"text\" ><p>El aspecto central de nuestro trabajo de dise\u00f1o es crear \u00abun campo de golf  estrat\u00e9gico\u00bb. En este contexto, estrategia significa dotar a cada hoyo de personalidad propia y que suponga un reto creado con estrategia, modelado por el entorno, el dise\u00f1o de los greens, los obst\u00e1culos y las calles, sin olvidar los est\u00edmulos visuales. El conjunto de los 18 o 9 hoyos deber\u00eda ser un reto para jugadores de todos los niveles. Con ello se consigue que <strong>los golfistas de primera clase no se aburran, al mismo tiempo que los principiantes no se vean desbordados.<\/strong> La estrategia tambi\u00e9n implica exigir todas las calidades de los golfistas (sea cual sea su nivel de rendimiento): la imaginaci\u00f3n, la habilidad t\u00e9cnica, la t\u00e1ctica, la fuerza, la resistencia y el talento para ejecutar un pensamiento estrat\u00e9gico.<\/p>\n<\/div><\/div><\/div><\/section>\n<section class='av_toggle_section av-qg9q1-98a9a459cb541b6aa5f19a17c8a762c2'  itemscope=\"itemscope\" itemtype=\"https:\/\/schema.org\/CreativeWork\" ><div role=\"tablist\" class=\"single_toggle\" data-tags=\"{Todo} \"  ><p id='toggle-toggle-id-2' data-fake-id='#toggle-id-2' class='toggler  av-title-above'  itemprop=\"headline\"  role='tab' tabindex='0' aria-controls='toggle-id-2' data-slide-speed=\"200\" data-title=\"Wirtschaftlichkeit\" data-title-open=\"\" data-aria_collapsed=\"Click to expand: Wirtschaftlichkeit\" data-aria_expanded=\"Click to collapse: Wirtschaftlichkeit\">Rentabilidad<span class=\"toggle_icon\"><span class=\"vert_icon\"><\/span><span class=\"hor_icon\"><\/span><\/span><\/p><div id='toggle-id-2' aria-labelledby='toggle-toggle-id-2' role='region' class='toggle_wrap  av-title-above'  ><div class='toggle_content invers-color'  itemprop=\"text\" ><p>Dise\u00f1amos campos de golf pensando para que se puedan mantener con los m\u00ednimos costes posibles y teniendo en cuenta <strong>en cuenta el presupuesto de mantenimiento<\/strong> que indique el propietario en la fase de planificaci\u00f3n del proyecto. Esto no se traduce nunca en una p\u00e9rdida, sino todo lo contrario: <strong>Hace que aumente la calidad en aquellas \u00e1reas determinadas para el juego.<\/strong> Cuando los recursos est\u00e9n disponibles, se aprovechan para invertir en otros aspectos m\u00e1s necesarios.<\/p>\n<\/div><\/div><\/div><\/section>\n<section class='av_toggle_section av-broeh-ed5106cd5cd9ca1ed07784980a922d81'  itemscope=\"itemscope\" itemtype=\"https:\/\/schema.org\/CreativeWork\" ><div role=\"tablist\" class=\"single_toggle\" data-tags=\"{Todo} \"  ><p id='toggle-toggle-id-3' data-fake-id='#toggle-id-3' class='toggler  av-title-above'  itemprop=\"headline\"  role='tab' tabindex='0' aria-controls='toggle-id-3' data-slide-speed=\"200\" data-title=\"Nachhaltigkeit\" data-title-open=\"\" data-aria_collapsed=\"Click to expand: Nachhaltigkeit\" data-aria_expanded=\"Click to collapse: Nachhaltigkeit\">Sostenibilidad<span class=\"toggle_icon\"><span class=\"vert_icon\"><\/span><span class=\"hor_icon\"><\/span><\/span><\/p><div id='toggle-id-3' aria-labelledby='toggle-toggle-id-3' role='region' class='toggle_wrap  av-title-above'  ><div class='toggle_content invers-color'  itemprop=\"text\" ><p>Hacemos uso de toda la <strong>la metodolog\u00eda ecol\u00f3gica<\/strong> en la planificaci\u00f3n y la construcci\u00f3n e intentamos preservar al m\u00e1ximo las caracter\u00edsticas naturales. Cuando trabajamos sobre un terreno de escaso o nulo valor ecol\u00f3gico, creamos rincones lo m\u00e1s naturales posibles para ganar en la belleza y la diversidad que ofrece un entorno natural. \u00danicamente un campo de golf integrado en un paisaje natural o respetuoso con el medio ambiente es capaz de transmitir al golfista la sensaci\u00f3n de tranquilidad que busca durante el juego. Recurrimos a los m\u00e9todos de construcci\u00f3n m\u00e1s modernos y respetuosos con el medio ambiente. Estos aspectos suelen dar lugar a procesos de aprobaci\u00f3n m\u00e1s fluidos.<\/p>\n<\/div><\/div><\/div><\/section>\n<section class='av_toggle_section av-dlfop-ca493128f4ac702b0b7ccf15f75a4061'  itemscope=\"itemscope\" itemtype=\"https:\/\/schema.org\/CreativeWork\" ><div role=\"tablist\" class=\"single_toggle\" data-tags=\"{Todo} \"  ><p id='toggle-toggle-id-4' data-fake-id='#toggle-id-4' class='toggler  av-title-above'  itemprop=\"headline\"  role='tab' tabindex='0' aria-controls='toggle-id-4' data-slide-speed=\"200\" data-title=\"Zeitlosigkeit\" data-title-open=\"\" data-aria_collapsed=\"Click to expand: Zeitlosigkeit\" data-aria_expanded=\"Click to collapse: Zeitlosigkeit\">Intemporalidad<span class=\"toggle_icon\"><span class=\"vert_icon\"><\/span><span class=\"hor_icon\"><\/span><\/span><\/p><div id='toggle-id-4' aria-labelledby='toggle-toggle-id-4' role='region' class='toggle_wrap  av-title-above'  ><div class='toggle_content invers-color'  itemprop=\"text\" ><p>Lo cl\u00e1sico conserva su atractivo con el paso del tiempo. Este principio tambi\u00e9n se puede aplicar a los campos de golf. Proyectamos instalaciones que no solo gustar\u00e1n durante cinco o diez a\u00f1os, sino que irradiar\u00e1n una <strong>belleza atemporal durante d\u00e9cadas.<\/strong> Esto se consigue integrando con armon\u00eda el campo en su entorno natural y requiere de un an\u00e1lisis exhaustivo del terreno y sus particularidades.<\/p>\n<\/div><\/div><\/div><\/section>\n<\/div><\/div>\n\n<style type=\"text\/css\" data-created_by=\"avia_inline_auto\" id=\"style-css-av-1f7ysx-040e0fab5c99d1f3558471bcc93c88f7\">\n.flex_column.av-1f7ysx-040e0fab5c99d1f3558471bcc93c88f7{\nborder-radius:0px 0px 0px 0px;\npadding:0px 0px 0px 0px;\n}\n<\/style>\n<div  class='flex_column av-1f7ysx-040e0fab5c99d1f3558471bcc93c88f7 av_one_half  avia-builder-el-10  el_after_av_one_full  el_before_av_one_half  first av-break-at-tablet flex_column_div av-animated-generic bottom-to-top av-zero-column-padding  column-top-margin'     ><p>\n<style type=\"text\/css\" data-created_by=\"avia_inline_auto\" id=\"style-css-av-121xzl-09cba664a97d1eb65e3f73b02ebc2c8f\">\n#top .hr.hr-invisible.av-121xzl-09cba664a97d1eb65e3f73b02ebc2c8f{\nheight:30px;\n}\n<\/style>\n<div  class='hr av-121xzl-09cba664a97d1eb65e3f73b02ebc2c8f hr-invisible  avia-builder-el-11  el_before_av_heading  avia-builder-el-first  av-desktop-hide'><span class='hr-inner'><span class=\"hr-inner-style\"><\/span><\/span><\/div><br \/>\n\n<style type=\"text\/css\" data-created_by=\"avia_inline_auto\" id=\"style-css-av-av_heading-db5fae251ce9e33c9bac553e21e3bdcf\">\n#top .av-special-heading.av-av_heading-db5fae251ce9e33c9bac553e21e3bdcf{\npadding-bottom:0;\n}\nbody .av-special-heading.av-av_heading-db5fae251ce9e33c9bac553e21e3bdcf .av-special-heading-tag .heading-char{\nfont-size:25px;\n}\n.av-special-heading.av-av_heading-db5fae251ce9e33c9bac553e21e3bdcf .av-subheading{\nfont-size:15px;\n}\n<\/style>\n<div  class='av-special-heading av-av_heading-db5fae251ce9e33c9bac553e21e3bdcf av-special-heading-h2 blockquote modern-quote  avia-builder-el-12  el_after_av_hr  el_before_av_hr'><h2 class='av-special-heading-tag'  itemprop=\"headline\"  >EL PROYECTO QUE USTED DESEA<\/h2><div class=\"special-heading-border\"><div class=\"special-heading-inner-border\"><\/div><\/div><\/div><br \/>\n\n<style type=\"text\/css\" data-created_by=\"avia_inline_auto\" id=\"style-css-av-121xzl-9ce954dc1bf20a50e606e37a9963cb2d\">\n#top .hr.av-121xzl-9ce954dc1bf20a50e606e37a9963cb2d{\nmargin-top:10px;\nmargin-bottom:10px;\n}\n.hr.av-121xzl-9ce954dc1bf20a50e606e37a9963cb2d .hr-inner{\nwidth:50px;\nborder-color:#78d635;\n}\n<\/style>\n<div  class='hr av-121xzl-9ce954dc1bf20a50e606e37a9963cb2d hr-custom  avia-builder-el-13  el_after_av_heading  el_before_av_textblock  hr-left hr-icon-no'><span class='hr-inner inner-border-av-border-fat'><span class=\"hr-inner-style\"><\/span><\/span><\/div><br \/>\n<section  class='av_textblock_section av-xsiu9-9ac450cdbaf317b9211c68b3ce3e6afa'   itemscope=\"itemscope\" itemtype=\"https:\/\/schema.org\/CreativeWork\" ><div class='avia_textblock'  itemprop=\"text\" ><p>La individualidad es el punto fuerte de nuestra oficina. El proyecto de sus sue\u00f1os puede ser una instalaci\u00f3n de 18 hoyos que cumpla con la normativa internacional o un campo de pr\u00e1cticas ideal sobre un terreno municipal.<\/p>\n<p>La clave del \u00e9xito es analizar al detalle las necesidades y circunstancias locales. <strong>No hay dos proyectos iguales:<\/strong>las condiciones del suelo, el clima y los recursos de cada campo de golf son \u00fanicos.<\/p>\n<p>Para usted, esto significa una cosa muy clara: cuando dise\u00f1amos hoyos no utilizamos proyectos comod\u00edn que sirvan para cualquier campo, sino que trabajamos junto a usted en el proyecto para que sus ideas se hagan realidad de manera permanente.<\/p>\n<\/div><\/section><\/p><\/div>\n<style type=\"text\/css\" data-created_by=\"avia_inline_auto\" id=\"style-css-av-qtslt-6350d6e1c2322eb536cec1607696f657\">\n.flex_column.av-qtslt-6350d6e1c2322eb536cec1607696f657{\nborder-radius:0px 0px 0px 0px;\npadding:0px 0px 0px 0px;\n}\n<\/style>\n<div  class='flex_column av-qtslt-6350d6e1c2322eb536cec1607696f657 av_one_half  avia-builder-el-15  el_after_av_one_half  avia-builder-el-last  av-break-at-tablet flex_column_div av-animated-generic bottom-to-top av-zero-column-padding  column-top-margin'     ><style type=\"text\/css\" data-created_by=\"avia_inline_auto\" id=\"style-css-av-nfwhl-0abf0db415d24a5e4a03074ad3873dcf\">\n.avia-image-container.av-nfwhl-0abf0db415d24a5e4a03074ad3873dcf img.avia_image{\nbox-shadow:none;\n}\n.avia-image-container.av-nfwhl-0abf0db415d24a5e4a03074ad3873dcf .av-image-caption-overlay-center{\ncolor:#ffffff;\n}\n<\/style>\n<div  class='avia-image-container av-nfwhl-0abf0db415d24a5e4a03074ad3873dcf av-styling-no-styling avia-align-center  avia-builder-el-16  avia-builder-el-no-sibling'   itemprop=\"image\" itemscope=\"itemscope\" itemtype=\"https:\/\/schema.org\/ImageObject\" ><div class=\"avia-image-container-inner\"><div class=\"avia-image-overlay-wrap\"><img decoding=\"async\" fetchpriority=\"high\" class='wp-image-497 avia-img-lazy-loading-not-497 avia_image' src=\"https:\/\/www.golfhimmel.de\/wp-content\/uploads\/2020\/12\/SonGual_15_klein_VS11346_4zu3.jpg\" alt='' title='Golf Son Gual, Mallorca, 11\/2008'  height=\"800\" width=\"1067\"  itemprop=\"thumbnailUrl\" srcset=\"https:\/\/www.golfhimmel.de\/wp-content\/uploads\/2020\/12\/SonGual_15_klein_VS11346_4zu3.jpg 1067w, https:\/\/www.golfhimmel.de\/wp-content\/uploads\/2020\/12\/SonGual_15_klein_VS11346_4zu3-300x225.jpg 300w, https:\/\/www.golfhimmel.de\/wp-content\/uploads\/2020\/12\/SonGual_15_klein_VS11346_4zu3-1030x772.jpg 1030w, https:\/\/www.golfhimmel.de\/wp-content\/uploads\/2020\/12\/SonGual_15_klein_VS11346_4zu3-768x576.jpg 768w, https:\/\/www.golfhimmel.de\/wp-content\/uploads\/2020\/12\/SonGual_15_klein_VS11346_4zu3-705x529.jpg 705w\" sizes=\"(max-width: 1067px) 100vw, 1067px\" \/><\/div><\/div><\/div><\/div><\/p>","protected":false},"excerpt":{"rendered":"","protected":false},"author":1,"featured_media":0,"parent":0,"menu_order":0,"comment_status":"closed","ping_status":"closed","template":"","meta":{"footnotes":""},"class_list":["post-113","page","type-page","status-publish","hentry"],"_links":{"self":[{"href":"https:\/\/www.golfhimmel.de\/es\/wp-json\/wp\/v2\/pages\/113","targetHints":{"allow":["GET"]}}],"collection":[{"href":"https:\/\/www.golfhimmel.de\/es\/wp-json\/wp\/v2\/pages"}],"about":[{"href":"https:\/\/www.golfhimmel.de\/es\/wp-json\/wp\/v2\/types\/page"}],"author":[{"embeddable":true,"href":"https:\/\/www.golfhimmel.de\/es\/wp-json\/wp\/v2\/users\/1"}],"replies":[{"embeddable":true,"href":"https:\/\/www.golfhimmel.de\/es\/wp-json\/wp\/v2\/comments?post=113"}],"version-history":[{"count":42,"href":"https:\/\/www.golfhimmel.de\/es\/wp-json\/wp\/v2\/pages\/113\/revisions"}],"predecessor-version":[{"id":3241,"href":"https:\/\/www.golfhimmel.de\/es\/wp-json\/wp\/v2\/pages\/113\/revisions\/3241"}],"wp:attachment":[{"href":"https:\/\/www.golfhimmel.de\/es\/wp-json\/wp\/v2\/media?parent=113"}],"curies":[{"name":"wp","href":"https:\/\/api.w.org\/{rel}","templated":true}]}}