{"id":268,"date":"2020-10-14T10:37:24","date_gmt":"2020-10-14T10:37:24","guid":{"rendered":"https:\/\/relaunch.golfhimmel.de\/?page_id=268"},"modified":"2021-01-07T10:24:54","modified_gmt":"2021-01-07T10:24:54","slug":"neubau-leistungsbild","status":"publish","type":"page","link":"https:\/\/www.golfhimmel.de\/es\/neubau\/neubau-leistungsbild\/","title":{"rendered":"Neubau Leistungsbild"},"content":{"rendered":"<div id='full_slider_1'  class='avia-fullwidth-slider main_color avia-shadow   avia-builder-el-0  el_before_av_one_full  avia-builder-el-first   container_wrap sidebar_right'  ><div  class='avia-slideshow av-ki4yffaq-65ac8f47492a20c4c3ef54aaa5cef4a1 avia-slideshow-featured av_slideshow_full avia-slide-slider av-slideshow-ui av-control-default av-slideshow-manual av-loop-once av-loop-manual-endless av-default-height-applied   avia-slideshow-1' data-slideshow-options=\"{&quot;animation&quot;:&quot;slide&quot;,&quot;autoplay&quot;:false,&quot;loop_autoplay&quot;:&quot;once&quot;,&quot;interval&quot;:5,&quot;loop_manual&quot;:&quot;manual-endless&quot;,&quot;autoplay_stopper&quot;:false,&quot;noNavigation&quot;:false,&quot;bg_slider&quot;:false,&quot;keep_padding&quot;:false,&quot;hoverpause&quot;:false,&quot;show_slide_delay&quot;:0}\"  itemprop=\"image\" itemscope=\"itemscope\" itemtype=\"https:\/\/schema.org\/ImageObject\" ><ul class='avia-slideshow-inner' style='padding-bottom: 28.666666666667%;'><li  class='avia-slideshow-slide av-ki4yffaq-65ac8f47492a20c4c3ef54aaa5cef4a1__0  slide-1 slide-odd'><div data-rel='slideshow-1' class='avia-slide-wrap'   ><img decoding=\"async\" fetchpriority=\"high\" class=\"wp-image-525 avia-img-lazy-loading-not-525\"  src=\"https:\/\/www.golfhimmel.de\/wp-content\/uploads\/2020\/12\/Weiherhof4zu3-1500x430.jpg\" width=\"1500\" height=\"430\" title='Weiherhof4zu3' alt=''  itemprop=\"thumbnailUrl\"   \/><\/div><\/li><li  class='avia-slideshow-slide av-ki4yffaq-65ac8f47492a20c4c3ef54aaa5cef4a1__1  slide-2 slide-even'><div data-rel='slideshow-1' class='avia-slide-wrap'   ><img decoding=\"async\" fetchpriority=\"high\" class=\"wp-image-577 avia-img-lazy-loading-not-577\"  src=\"https:\/\/www.golfhimmel.de\/wp-content\/uploads\/2020\/12\/zumikon-planung-zweiter-bauabschnitt-1024x724-1-1500x430.jpg\" width=\"1500\" height=\"430\" title='zumikon-planung-zweiter-bauabschnitt-1024x724' alt=''  itemprop=\"thumbnailUrl\"   \/><\/div><\/li><li  class='avia-slideshow-slide av-ki4yffaq-65ac8f47492a20c4c3ef54aaa5cef4a1__2  slide-3 slide-odd'><div data-rel='slideshow-1' class='avia-slide-wrap'   ><img decoding=\"async\" fetchpriority=\"high\" class=\"wp-image-574 avia-img-lazy-loading-not-574\"  src=\"https:\/\/www.golfhimmel.de\/wp-content\/uploads\/2020\/12\/Hetzenhof4zu3-1-1500x430.jpg\" width=\"1500\" height=\"430\" title='Hetzenhof4zu3' alt=''  itemprop=\"thumbnailUrl\"   \/><\/div><\/li><\/ul><div class='avia-slideshow-arrows avia-slideshow-controls' ><a href='#prev' class='prev-slide  avia-svg-icon avia-font-svg_entypo-fontello' data-av_svg_icon='left-open-big' data-av_iconset='svg_entypo-fontello' tabindex='-1' title=\"Anterior\"><svg version=\"1.1\" xmlns=\"http:\/\/www.w3.org\/2000\/svg\" width=\"15\" height=\"32\" viewbox=\"0 0 15 32\" preserveaspectratio=\"xMidYMid meet\" aria-labelledby='av-svg-title-1' aria-describedby='av-svg-desc-1' role=\"graphics-symbol\" aria-hidden=\"true\">\n<title id='av-svg-title-1'>Anterior<\/title>\n<desc id='av-svg-desc-1'>Anterior<\/desc>\n<path d=\"M14.464 27.84q0.832 0.832 0 1.536-0.832 0.832-1.536 0l-12.544-12.608q-0.768-0.768 0-1.6l12.544-12.608q0.704-0.832 1.536 0 0.832 0.704 0 1.536l-11.456 11.904z\"><\/path>\n<\/svg><span class='avia_hidden_link_text'>Anterior<\/span><\/a><a href='#next' class='next-slide  avia-svg-icon avia-font-svg_entypo-fontello' data-av_svg_icon='right-open-big' data-av_iconset='svg_entypo-fontello' tabindex='-1' title=\"Posterior\"><svg version=\"1.1\" xmlns=\"http:\/\/www.w3.org\/2000\/svg\" width=\"15\" height=\"32\" viewbox=\"0 0 15 32\" preserveaspectratio=\"xMidYMid meet\" aria-labelledby='av-svg-title-2' aria-describedby='av-svg-desc-2' role=\"graphics-symbol\" aria-hidden=\"true\">\n<title id='av-svg-title-2'>Posterior<\/title>\n<desc id='av-svg-desc-2'>Posterior<\/desc>\n<path d=\"M0.416 27.84l11.456-11.84-11.456-11.904q-0.832-0.832 0-1.536 0.832-0.832 1.536 0l12.544 12.608q0.768 0.832 0 1.6l-12.544 12.608q-0.704 0.832-1.536 0-0.832-0.704 0-1.536z\"><\/path>\n<\/svg><span class='avia_hidden_link_text'>Posterior<\/span><\/a><\/div><div class='avia-slideshow-dots avia-slideshow-controls'><a href='#1' class='goto-slide active' >1<\/a><a href='#2' class='goto-slide' >2<\/a><a href='#3' class='goto-slide' >3<\/a><\/div><\/div><\/div><div id='after_full_slider_1'  class='main_color av_default_container_wrap container_wrap sidebar_right'  ><div class='container av-section-cont-open' ><div class='template-page content  av-content-small alpha units'><div class='post-entry post-entry-type-page post-entry-268'><div class='entry-content-wrapper clearfix'>\n\n<style type=\"text\/css\" data-created_by=\"avia_inline_auto\" id=\"style-css-av-3fdj5d-167664ddc10ea248c4ccd056ce9064ad\">\n#top .flex_column.av-3fdj5d-167664ddc10ea248c4ccd056ce9064ad{\nmargin-top:0px;\nmargin-bottom:0px;\n}\n.flex_column.av-3fdj5d-167664ddc10ea248c4ccd056ce9064ad{\nborder-radius:0px 0px 0px 0px;\npadding:0px 0px 0px 0px;\n}\n.responsive #top #wrap_all .flex_column.av-3fdj5d-167664ddc10ea248c4ccd056ce9064ad{\nmargin-top:0px;\nmargin-bottom:0px;\n}\n<\/style>\n<div  class='flex_column av-3fdj5d-167664ddc10ea248c4ccd056ce9064ad av_one_full  avia-builder-el-1  el_after_av_slideshow_full  el_before_av_one_half  avia-builder-el-first  first flex_column_div av-animated-generic bottom-to-top av-zero-column-padding'     ><p>\n<style type=\"text\/css\" data-created_by=\"avia_inline_auto\" id=\"style-css-av-10k1is-835c6a9f588a47e54c1eb2b78ac4201e\">\n#top .av-special-heading.av-10k1is-835c6a9f588a47e54c1eb2b78ac4201e{\npadding-bottom:0;\n}\nbody .av-special-heading.av-10k1is-835c6a9f588a47e54c1eb2b78ac4201e .av-special-heading-tag .heading-char{\nfont-size:25px;\n}\n.av-special-heading.av-10k1is-835c6a9f588a47e54c1eb2b78ac4201e .av-subheading{\nfont-size:15px;\n}\n<\/style>\n<div  class='av-special-heading av-10k1is-835c6a9f588a47e54c1eb2b78ac4201e av-special-heading-h2 blockquote modern-quote  avia-builder-el-2  el_before_av_hr  avia-builder-el-first'><h2 class='av-special-heading-tag'  itemprop=\"headline\"  >Nuestros servicios<\/h2><div class=\"special-heading-border\"><div class=\"special-heading-inner-border\"><\/div><\/div><\/div><br \/>\n\n<style type=\"text\/css\" data-created_by=\"avia_inline_auto\" id=\"style-css-av-317kcp-1f0bbfbd1fbd5d2c8aa36168450e9df6\">\n#top .hr.av-317kcp-1f0bbfbd1fbd5d2c8aa36168450e9df6{\nmargin-top:10px;\nmargin-bottom:10px;\n}\n.hr.av-317kcp-1f0bbfbd1fbd5d2c8aa36168450e9df6 .hr-inner{\nwidth:50px;\nborder-color:#78d635;\n}\n<\/style>\n<div  class='hr av-317kcp-1f0bbfbd1fbd5d2c8aa36168450e9df6 hr-custom  avia-builder-el-3  el_after_av_heading  avia-builder-el-last  hr-left hr-icon-no'><span class='hr-inner inner-border-av-border-fat'><span class=\"hr-inner-style\"><\/span><\/span><\/div><\/p><\/div>\n\n<style type=\"text\/css\" data-created_by=\"avia_inline_auto\" id=\"style-css-av-2w4xi9-822a674fc082b39eac445bbc1315fbe0\">\n#top .flex_column.av-2w4xi9-822a674fc082b39eac445bbc1315fbe0{\nmargin-top:0px;\nmargin-bottom:0px;\n}\n.flex_column.av-2w4xi9-822a674fc082b39eac445bbc1315fbe0{\nborder-radius:0px 0px 0px 0px;\npadding:0px 0px 0px 0px;\n}\n.responsive #top #wrap_all .flex_column.av-2w4xi9-822a674fc082b39eac445bbc1315fbe0{\nmargin-top:0px;\nmargin-bottom:0px;\n}\n<\/style>\n<div  class='flex_column av-2w4xi9-822a674fc082b39eac445bbc1315fbe0 av_one_half  avia-builder-el-4  el_after_av_one_full  el_before_av_one_half  first av-break-at-tablet flex_column_div av-animated-generic bottom-to-top av-zero-column-padding  column-top-margin'     ><section  class='av_textblock_section av-2p4rkp-341a59151a30322a7ac3a2f3d78b39e9'   itemscope=\"itemscope\" itemtype=\"https:\/\/schema.org\/CreativeWork\" ><div class='avia_textblock'  itemprop=\"text\" ><p>Construir campos de golf a nivel mundial es nuestro trabajo. Ya sean campos de campeonato o instalaciones de pr\u00e1ctica, proyectos municipales o campos privados, ponemos nuestra experiencia y referencias internacionales a su disposici\u00f3n, as\u00ed como una maravillosa red de especialistas de todo el mundo.<\/p>\n<\/div><\/section><\/div>\n\n<style type=\"text\/css\" data-created_by=\"avia_inline_auto\" id=\"style-css-av-2w4xi9-5641d3d1bc1ab16afeb3b5c1ca1d5694\">\n#top .flex_column.av-2w4xi9-5641d3d1bc1ab16afeb3b5c1ca1d5694{\nmargin-top:0px;\nmargin-bottom:0px;\n}\n.flex_column.av-2w4xi9-5641d3d1bc1ab16afeb3b5c1ca1d5694{\nborder-radius:0px 0px 0px 0px;\npadding:0px 0px 0px 0px;\n}\n.responsive #top #wrap_all .flex_column.av-2w4xi9-5641d3d1bc1ab16afeb3b5c1ca1d5694{\nmargin-top:0px;\nmargin-bottom:0px;\n}\n<\/style>\n<div  class='flex_column av-2w4xi9-5641d3d1bc1ab16afeb3b5c1ca1d5694 av_one_half  avia-builder-el-6  el_after_av_one_half  el_before_av_one_full  av-break-at-tablet flex_column_div av-animated-generic bottom-to-top av-zero-column-padding  column-top-margin'     ><section  class='av_textblock_section av-2p4rkp-341a59151a30322a7ac3a2f3d78b39e9'   itemscope=\"itemscope\" itemtype=\"https:\/\/schema.org\/CreativeWork\" ><div class='avia_textblock'  itemprop=\"text\" ><p>Desde la elecci\u00f3n del terreno hasta el c\u00e1lculo de la rentabilidad, pasando por la elaboraci\u00f3n, la direcci\u00f3n de la obra y la terminaci\u00f3n del proyecto: una sola mano se encarga de ofrecerle todas las prestaciones. Nos desplazamos al campo regularmente y hacemos un seguimiento personal de la obra.<\/p>\n<\/div><\/section><\/div>\n\n<style type=\"text\/css\" data-created_by=\"avia_inline_auto\" id=\"style-css-av-27c2rd-7a89dfb5141e92a074ef5a5bdc15d7cc\">\n.flex_column.av-27c2rd-7a89dfb5141e92a074ef5a5bdc15d7cc{\nborder-radius:0px 0px 0px 0px;\npadding:0px 0px 0px 0px;\n}\n<\/style>\n<div  class='flex_column av-27c2rd-7a89dfb5141e92a074ef5a5bdc15d7cc av_one_full  avia-builder-el-8  el_after_av_one_half  el_before_av_one_half  first flex_column_div av-animated-generic bottom-to-top av-zero-column-padding  column-top-margin'     ><div  class='togglecontainer av-20436x-4181dad8ac113092cbb6ccd1b30b508c  avia-builder-el-9  avia-builder-el-no-sibling  toggle_close_all' >\n<section class='av_toggle_section av-v8rpw-96971d428a7cb74f0a79e5d8a641d2f2'  itemscope=\"itemscope\" itemtype=\"https:\/\/schema.org\/CreativeWork\" ><div role=\"tablist\" class=\"single_toggle\" data-tags=\"{Todo} \"  ><p id='toggle-toggle-id-1' data-fake-id='#toggle-id-1' class='toggler  activeTitle av-title-above'  itemprop=\"headline\"  role='tab' tabindex='0' aria-controls='toggle-id-1' data-slide-speed=\"200\" data-title=\"Planung\" data-title-open=\"\" data-aria_collapsed=\"Click to expand: Planung\" data-aria_expanded=\"Click to collapse: Planung\">Planificaci\u00f3n<span class=\"toggle_icon\"><span class=\"vert_icon\"><\/span><span class=\"hor_icon\"><\/span><\/span><\/p><div id='toggle-id-1' aria-labelledby='toggle-toggle-id-1' role='region' class='toggle_wrap  active_tc av-title-above' style='display:block;' ><div class='toggle_content invers-color'  itemprop=\"text\" ><p>La planificaci\u00f3n del proyecto se basa en un minucioso an\u00e1lisis sobre el terreno que realizamos con ayuda de lo <strong>de lo \u00faltimo en m\u00e9todos y software de trabajo digital.<\/strong> Elija entre las distintas opciones y comparta con nosotros sus deseos. Llevamos la <strong>creatividad<\/strong> en la sangre.<\/p>\n<\/div><\/div><\/div><\/section>\n<section class='av_toggle_section av-rwgp8-d968f434780f947023e90ae253549bfb'  itemscope=\"itemscope\" itemtype=\"https:\/\/schema.org\/CreativeWork\" ><div role=\"tablist\" class=\"single_toggle\" data-tags=\"{Todo} \"  ><p id='toggle-toggle-id-2' data-fake-id='#toggle-id-2' class='toggler  av-title-above'  itemprop=\"headline\"  role='tab' tabindex='0' aria-controls='toggle-id-2' data-slide-speed=\"200\" data-title=\"Leistungsverzeichnisse\" data-title-open=\"\" data-aria_collapsed=\"Click to expand: Leistungsverzeichnisse\" data-aria_expanded=\"Click to collapse: Leistungsverzeichnisse\">Pliego de condiciones<span class=\"toggle_icon\"><span class=\"vert_icon\"><\/span><span class=\"hor_icon\"><\/span><\/span><\/p><div id='toggle-id-2' aria-labelledby='toggle-toggle-id-2' role='region' class='toggle_wrap  av-title-above'  ><div class='toggle_content invers-color'  itemprop=\"text\" ><p>Un pliego de condiciones detallado y exacto es imprescindible para que el proyecto de construcci\u00f3n se ejecute a la perfecci\u00f3n. Solo as\u00ed se pueden <strong>controlar los costes<\/strong> y la <strong>garantizar una ejecuci\u00f3n correcta.<\/strong> El pliego de condiciones se crea y revisa al detalle para ahorrarle a los propietarios sorpresas indeseadas a medida que el proyecto vaya avanzando.<\/p>\n<\/div><\/div><\/div><\/section>\n<section class='av_toggle_section av-jh79g-72016e78a4bf5bdb18f843126d3aa719'  itemscope=\"itemscope\" itemtype=\"https:\/\/schema.org\/CreativeWork\" ><div role=\"tablist\" class=\"single_toggle\" data-tags=\"{Todo} \"  ><p id='toggle-toggle-id-3' data-fake-id='#toggle-id-3' class='toggler  av-title-above'  itemprop=\"headline\"  role='tab' tabindex='0' aria-controls='toggle-id-3' data-slide-speed=\"200\" data-title=\"Bauleitung\" data-title-open=\"\" data-aria_collapsed=\"Click to expand: Bauleitung\" data-aria_expanded=\"Click to collapse: Bauleitung\">Direcci\u00f3n de la obra<span class=\"toggle_icon\"><span class=\"vert_icon\"><\/span><span class=\"hor_icon\"><\/span><\/span><\/p><div id='toggle-id-3' aria-labelledby='toggle-toggle-id-3' role='region' class='toggle_wrap  av-title-above'  ><div class='toggle_content invers-color'  itemprop=\"text\" ><p>Para conseguir un resultado de primera hay que estar al pie del ca\u00f1\u00f3n dirigiendo la obra de manera continua y precisa. Nosotros consideramos que realizar <strong>un seguimiento estrecho de la construcci\u00f3n<\/strong> es b\u00e1sico y necesario. El entorno natural de las instalaciones de golf siempre exige adaptaciones que hay que realizar sobre el terreno.<\/p>\n<\/div><\/div><\/div><\/section>\n<section class='av_toggle_section av-htj44-d980c3940fcb0dfc8b22702362cf95e1'  itemscope=\"itemscope\" itemtype=\"https:\/\/schema.org\/CreativeWork\" ><div role=\"tablist\" class=\"single_toggle\" data-tags=\"{Todo} \"  ><p id='toggle-toggle-id-4' data-fake-id='#toggle-id-4' class='toggler  av-title-above'  itemprop=\"headline\"  role='tab' tabindex='0' aria-controls='toggle-id-4' data-slide-speed=\"200\" data-title=\"Beratung\" data-title-open=\"\" data-aria_collapsed=\"Click to expand: Beratung\" data-aria_expanded=\"Click to collapse: Beratung\">Asesoramiento<span class=\"toggle_icon\"><span class=\"vert_icon\"><\/span><span class=\"hor_icon\"><\/span><\/span><\/p><div id='toggle-id-4' aria-labelledby='toggle-toggle-id-4' role='region' class='toggle_wrap  av-title-above'  ><div class='toggle_content invers-color'  itemprop=\"text\" ><p>Una vez terminada la instalaci\u00f3n de golf, seguimos estando a su disposici\u00f3n. Ya sea para asesorarle en materia de optimizaci\u00f3n de recursos, mantenimiento sostenible o sobre asuntos de medio ambiente y protecci\u00f3n ecol\u00f3gica: benef\u00edciese de nuestra excelente red internacional que se extiende mucho m\u00e1s all\u00e1 de Alemania.<\/p>\n<\/div><\/div><\/div><\/section>\n<\/div><\/div>\n\n<style type=\"text\/css\" data-created_by=\"avia_inline_auto\" id=\"style-css-av-1f7ysx-040e0fab5c99d1f3558471bcc93c88f7\">\n.flex_column.av-1f7ysx-040e0fab5c99d1f3558471bcc93c88f7{\nborder-radius:0px 0px 0px 0px;\npadding:0px 0px 0px 0px;\n}\n<\/style>\n<div  class='flex_column av-1f7ysx-040e0fab5c99d1f3558471bcc93c88f7 av_one_half  avia-builder-el-10  el_after_av_one_full  el_before_av_one_half  first av-break-at-tablet flex_column_div av-animated-generic bottom-to-top av-zero-column-padding  column-top-margin'     ><p>\n<style type=\"text\/css\" data-created_by=\"avia_inline_auto\" id=\"style-css-av-121xzl-09cba664a97d1eb65e3f73b02ebc2c8f\">\n#top .hr.hr-invisible.av-121xzl-09cba664a97d1eb65e3f73b02ebc2c8f{\nheight:30px;\n}\n<\/style>\n<div  class='hr av-121xzl-09cba664a97d1eb65e3f73b02ebc2c8f hr-invisible  avia-builder-el-11  el_before_av_heading  avia-builder-el-first  av-desktop-hide'><span class='hr-inner'><span class=\"hr-inner-style\"><\/span><\/span><\/div><br \/>\n\n<style type=\"text\/css\" data-created_by=\"avia_inline_auto\" id=\"style-css-av-av_heading-3bfe3d0dd0aa279d038ffcb398ad3a14\">\n#top .av-special-heading.av-av_heading-3bfe3d0dd0aa279d038ffcb398ad3a14{\npadding-bottom:0;\n}\nbody .av-special-heading.av-av_heading-3bfe3d0dd0aa279d038ffcb398ad3a14 .av-special-heading-tag .heading-char{\nfont-size:25px;\n}\n.av-special-heading.av-av_heading-3bfe3d0dd0aa279d038ffcb398ad3a14 .av-subheading{\nfont-size:15px;\n}\n<\/style>\n<div  class='av-special-heading av-av_heading-3bfe3d0dd0aa279d038ffcb398ad3a14 av-special-heading-h2 blockquote modern-quote  avia-builder-el-12  el_after_av_hr  el_before_av_hr'><h2 class='av-special-heading-tag'  itemprop=\"headline\"  >CADA DETALLE CUENTA<\/h2><div class=\"special-heading-border\"><div class=\"special-heading-inner-border\"><\/div><\/div><\/div><br \/>\n\n<style type=\"text\/css\" data-created_by=\"avia_inline_auto\" id=\"style-css-av-121xzl-9ce954dc1bf20a50e606e37a9963cb2d\">\n#top .hr.av-121xzl-9ce954dc1bf20a50e606e37a9963cb2d{\nmargin-top:10px;\nmargin-bottom:10px;\n}\n.hr.av-121xzl-9ce954dc1bf20a50e606e37a9963cb2d .hr-inner{\nwidth:50px;\nborder-color:#78d635;\n}\n<\/style>\n<div  class='hr av-121xzl-9ce954dc1bf20a50e606e37a9963cb2d hr-custom  avia-builder-el-13  el_after_av_heading  el_before_av_textblock  hr-left hr-icon-no'><span class='hr-inner inner-border-av-border-fat'><span class=\"hr-inner-style\"><\/span><\/span><\/div><br \/>\n<section  class='av_textblock_section av-xsiu9-9ac450cdbaf317b9211c68b3ce3e6afa'   itemscope=\"itemscope\" itemtype=\"https:\/\/schema.org\/CreativeWork\" ><div class='avia_textblock'  itemprop=\"text\" ><p>El entretenimiento y el atractivo de un campo de golf dependen b\u00e1sicamente de los detalles. La forma de los b\u00fankeres tiene que ser correcta, los bordes deben estar visibles, las \u00e1reas de salida deben estar bien situadas en el terreno y el modelaje de los greens debe ser interesante sin resultar demasiado complicado. El estudio exhaustivo del terreno y de esas caracter\u00edsticas topogr\u00e1ficas que lo hacen \u00fanico determina el aspecto final del campo de golf.<\/p>\n<p>A final de cuentas, <strong>haber analizado al detalle todas las particularidades de un proyecto de golf<\/strong> har\u00e1 que este destaque entre la competencia. Todo ello requiere pericia, un profundo conocimiento del juego y una gran dosis de creatividad durante la planificaci\u00f3n y la direcci\u00f3n de la obra.<\/p>\n<\/div><\/section><\/p><\/div>\n<style type=\"text\/css\" data-created_by=\"avia_inline_auto\" id=\"style-css-av-qtslt-6350d6e1c2322eb536cec1607696f657\">\n.flex_column.av-qtslt-6350d6e1c2322eb536cec1607696f657{\nborder-radius:0px 0px 0px 0px;\npadding:0px 0px 0px 0px;\n}\n<\/style>\n<div  class='flex_column av-qtslt-6350d6e1c2322eb536cec1607696f657 av_one_half  avia-builder-el-15  el_after_av_one_half  avia-builder-el-last  av-break-at-tablet flex_column_div av-animated-generic bottom-to-top av-zero-column-padding  column-top-margin'     ><style type=\"text\/css\" data-created_by=\"avia_inline_auto\" id=\"style-css-av-nfwhl-5dd3c969d584172e2ab5183d2e882a06\">\n.avia-image-container.av-nfwhl-5dd3c969d584172e2ab5183d2e882a06 img.avia_image{\nbox-shadow:none;\n}\n.avia-image-container.av-nfwhl-5dd3c969d584172e2ab5183d2e882a06 .av-image-caption-overlay-center{\ncolor:#ffffff;\n}\n<\/style>\n<div  class='avia-image-container av-nfwhl-5dd3c969d584172e2ab5183d2e882a06 av-styling-no-styling avia-align-center  avia-builder-el-16  avia-builder-el-no-sibling'   itemprop=\"image\" itemscope=\"itemscope\" itemtype=\"https:\/\/schema.org\/ImageObject\" ><div class=\"avia-image-container-inner\"><div class=\"avia-image-overlay-wrap\"><img decoding=\"async\" fetchpriority=\"high\" class='wp-image-503 avia-img-lazy-loading-not-503 avia_image' src=\"https:\/\/www.golfhimmel.de\/wp-content\/uploads\/2020\/12\/Olching_Loch_18_klein-2_4zu3.jpg\" alt='' title=''  height=\"533\" width=\"711\"  itemprop=\"thumbnailUrl\" srcset=\"https:\/\/www.golfhimmel.de\/wp-content\/uploads\/2020\/12\/Olching_Loch_18_klein-2_4zu3.jpg 711w, https:\/\/www.golfhimmel.de\/wp-content\/uploads\/2020\/12\/Olching_Loch_18_klein-2_4zu3-300x225.jpg 300w, https:\/\/www.golfhimmel.de\/wp-content\/uploads\/2020\/12\/Olching_Loch_18_klein-2_4zu3-705x529.jpg 705w\" sizes=\"(max-width: 711px) 100vw, 711px\" \/><\/div><\/div><\/div><\/div><\/p>","protected":false},"excerpt":{"rendered":"","protected":false},"author":1,"featured_media":0,"parent":113,"menu_order":0,"comment_status":"closed","ping_status":"closed","template":"","meta":{"footnotes":""},"class_list":["post-268","page","type-page","status-publish","hentry"],"_links":{"self":[{"href":"https:\/\/www.golfhimmel.de\/es\/wp-json\/wp\/v2\/pages\/268","targetHints":{"allow":["GET"]}}],"collection":[{"href":"https:\/\/www.golfhimmel.de\/es\/wp-json\/wp\/v2\/pages"}],"about":[{"href":"https:\/\/www.golfhimmel.de\/es\/wp-json\/wp\/v2\/types\/page"}],"author":[{"embeddable":true,"href":"https:\/\/www.golfhimmel.de\/es\/wp-json\/wp\/v2\/users\/1"}],"replies":[{"embeddable":true,"href":"https:\/\/www.golfhimmel.de\/es\/wp-json\/wp\/v2\/comments?post=268"}],"version-history":[{"count":33,"href":"https:\/\/www.golfhimmel.de\/es\/wp-json\/wp\/v2\/pages\/268\/revisions"}],"predecessor-version":[{"id":2374,"href":"https:\/\/www.golfhimmel.de\/es\/wp-json\/wp\/v2\/pages\/268\/revisions\/2374"}],"up":[{"embeddable":true,"href":"https:\/\/www.golfhimmel.de\/es\/wp-json\/wp\/v2\/pages\/113"}],"wp:attachment":[{"href":"https:\/\/www.golfhimmel.de\/es\/wp-json\/wp\/v2\/media?parent=268"}],"curies":[{"name":"wp","href":"https:\/\/api.w.org\/{rel}","templated":true}]}}