{"id":296,"date":"2020-10-16T07:40:22","date_gmt":"2020-10-16T07:40:22","guid":{"rendered":"https:\/\/relaunch.golfhimmel.de\/?page_id=296"},"modified":"2023-01-16T15:36:12","modified_gmt":"2023-01-16T15:36:12","slug":"redesign","status":"publish","type":"page","link":"https:\/\/www.golfhimmel.de\/es\/redesign\/","title":{"rendered":"Redise\u00f1o"},"content":{"rendered":"<div id='full_slider_1'  class='avia-fullwidth-slider main_color avia-shadow   avia-builder-el-0  el_before_av_one_full  avia-builder-el-first   container_wrap sidebar_right'  ><div  class='avia-slideshow av-ki68cwbe-f34e8a302daf2535c60bbd4d136868cc avia-slideshow-featured av_slideshow_full avia-slide-slider av-slideshow-ui av-control-default av-slideshow-manual av-loop-once av-loop-manual-endless av-default-height-applied   avia-slideshow-1' data-slideshow-options=\"{&quot;animation&quot;:&quot;slide&quot;,&quot;autoplay&quot;:false,&quot;loop_autoplay&quot;:&quot;once&quot;,&quot;interval&quot;:5,&quot;loop_manual&quot;:&quot;manual-endless&quot;,&quot;autoplay_stopper&quot;:false,&quot;noNavigation&quot;:false,&quot;bg_slider&quot;:false,&quot;keep_padding&quot;:false,&quot;hoverpause&quot;:false,&quot;show_slide_delay&quot;:0}\"  itemprop=\"image\" itemscope=\"itemscope\" itemtype=\"https:\/\/schema.org\/ImageObject\" ><ul class='avia-slideshow-inner' style='padding-bottom: 28.666666666667%;'><li  class='avia-slideshow-slide av-ki68cwbe-f34e8a302daf2535c60bbd4d136868cc__0  slide-1 slide-odd'><div data-rel='slideshow-1' class='avia-slide-wrap'   ><img decoding=\"async\" fetchpriority=\"high\" class=\"wp-image-352 avia-img-lazy-loading-not-352\"  src=\"https:\/\/www.golfhimmel.de\/wp-content\/uploads\/2020\/11\/PAR7870-1500x430.jpg\" width=\"1500\" height=\"430\" title='PAR7870' alt=''  itemprop=\"thumbnailUrl\"   \/><\/div><\/li><li  class='avia-slideshow-slide av-ki68cwbe-f34e8a302daf2535c60bbd4d136868cc__1  slide-2 slide-even'><div data-rel='slideshow-1' class='avia-slide-wrap'   ><img decoding=\"async\" fetchpriority=\"high\" class=\"wp-image-892 avia-img-lazy-loading-not-892\"  src=\"https:\/\/www.golfhimmel.de\/wp-content\/uploads\/2020\/12\/PAR1456-2_4zu3-1500x430.jpg\" width=\"1500\" height=\"430\" title='_PAR1456 (2)_4zu3' alt=''  itemprop=\"thumbnailUrl\"   \/><\/div><\/li><li  class='avia-slideshow-slide av-ki68cwbe-f34e8a302daf2535c60bbd4d136868cc__2  slide-3 slide-odd'><div data-rel='slideshow-1' class='avia-slide-wrap'   ><img decoding=\"async\" fetchpriority=\"high\" class=\"wp-image-893 avia-img-lazy-loading-not-893\"  src=\"https:\/\/www.golfhimmel.de\/wp-content\/uploads\/2020\/12\/PAR7958-24zu3-1-1500x430.jpg\" width=\"1500\" height=\"430\" title='_PAR7958 (2)4zu3' alt=''  itemprop=\"thumbnailUrl\"   \/><\/div><\/li><\/ul><div class='avia-slideshow-arrows avia-slideshow-controls' ><a href='#prev' class='prev-slide  avia-svg-icon avia-font-svg_entypo-fontello' data-av_svg_icon='left-open-big' data-av_iconset='svg_entypo-fontello' tabindex='-1' title=\"Anterior\"><svg version=\"1.1\" xmlns=\"http:\/\/www.w3.org\/2000\/svg\" width=\"15\" height=\"32\" viewbox=\"0 0 15 32\" preserveaspectratio=\"xMidYMid meet\" aria-labelledby='av-svg-title-1' aria-describedby='av-svg-desc-1' role=\"graphics-symbol\" aria-hidden=\"true\">\n<title id='av-svg-title-1'>Anterior<\/title>\n<desc id='av-svg-desc-1'>Anterior<\/desc>\n<path d=\"M14.464 27.84q0.832 0.832 0 1.536-0.832 0.832-1.536 0l-12.544-12.608q-0.768-0.768 0-1.6l12.544-12.608q0.704-0.832 1.536 0 0.832 0.704 0 1.536l-11.456 11.904z\"><\/path>\n<\/svg><span class='avia_hidden_link_text'>Anterior<\/span><\/a><a href='#next' class='next-slide  avia-svg-icon avia-font-svg_entypo-fontello' data-av_svg_icon='right-open-big' data-av_iconset='svg_entypo-fontello' tabindex='-1' title=\"Posterior\"><svg version=\"1.1\" xmlns=\"http:\/\/www.w3.org\/2000\/svg\" width=\"15\" height=\"32\" viewbox=\"0 0 15 32\" preserveaspectratio=\"xMidYMid meet\" aria-labelledby='av-svg-title-2' aria-describedby='av-svg-desc-2' role=\"graphics-symbol\" aria-hidden=\"true\">\n<title id='av-svg-title-2'>Posterior<\/title>\n<desc id='av-svg-desc-2'>Posterior<\/desc>\n<path d=\"M0.416 27.84l11.456-11.84-11.456-11.904q-0.832-0.832 0-1.536 0.832-0.832 1.536 0l12.544 12.608q0.768 0.832 0 1.6l-12.544 12.608q-0.704 0.832-1.536 0-0.832-0.704 0-1.536z\"><\/path>\n<\/svg><span class='avia_hidden_link_text'>Posterior<\/span><\/a><\/div><div class='avia-slideshow-dots avia-slideshow-controls'><a href='#1' class='goto-slide active' >1<\/a><a href='#2' class='goto-slide' >2<\/a><a href='#3' class='goto-slide' >3<\/a><\/div><\/div><\/div><div id='after_full_slider_1'  class='main_color av_default_container_wrap container_wrap sidebar_right'  ><div class='container av-section-cont-open' ><div class='template-page content  av-content-small alpha units'><div class='post-entry post-entry-type-page post-entry-296'><div class='entry-content-wrapper clearfix'>\n\n<style type=\"text\/css\" data-created_by=\"avia_inline_auto\" id=\"style-css-av-3fdj5d-167664ddc10ea248c4ccd056ce9064ad\">\n#top .flex_column.av-3fdj5d-167664ddc10ea248c4ccd056ce9064ad{\nmargin-top:0px;\nmargin-bottom:0px;\n}\n.flex_column.av-3fdj5d-167664ddc10ea248c4ccd056ce9064ad{\nborder-radius:0px 0px 0px 0px;\npadding:0px 0px 0px 0px;\n}\n.responsive #top #wrap_all .flex_column.av-3fdj5d-167664ddc10ea248c4ccd056ce9064ad{\nmargin-top:0px;\nmargin-bottom:0px;\n}\n<\/style>\n<div  class='flex_column av-3fdj5d-167664ddc10ea248c4ccd056ce9064ad av_one_full  avia-builder-el-1  el_after_av_slideshow_full  el_before_av_one_half  avia-builder-el-first  first flex_column_div av-animated-generic bottom-to-top av-zero-column-padding'     ><p>\n<style type=\"text\/css\" data-created_by=\"avia_inline_auto\" id=\"style-css-av-jwuk0-0373b739100230864310b2da713507be\">\n#top .av-special-heading.av-jwuk0-0373b739100230864310b2da713507be{\npadding-bottom:0;\n}\nbody .av-special-heading.av-jwuk0-0373b739100230864310b2da713507be .av-special-heading-tag .heading-char{\nfont-size:25px;\n}\n.av-special-heading.av-jwuk0-0373b739100230864310b2da713507be .av-subheading{\nfont-size:15px;\n}\n<\/style>\n<div  class='av-special-heading av-jwuk0-0373b739100230864310b2da713507be av-special-heading-h2 blockquote modern-quote  avia-builder-el-2  el_before_av_hr  avia-builder-el-first'><h2 class='av-special-heading-tag'  itemprop=\"headline\"  >FILOSOF\u00cdA DE REDISE\u00d1O<\/h2><div class=\"special-heading-border\"><div class=\"special-heading-inner-border\"><\/div><\/div><\/div><br \/>\n\n<style type=\"text\/css\" data-created_by=\"avia_inline_auto\" id=\"style-css-av-317kcp-1f0bbfbd1fbd5d2c8aa36168450e9df6\">\n#top .hr.av-317kcp-1f0bbfbd1fbd5d2c8aa36168450e9df6{\nmargin-top:10px;\nmargin-bottom:10px;\n}\n.hr.av-317kcp-1f0bbfbd1fbd5d2c8aa36168450e9df6 .hr-inner{\nwidth:50px;\nborder-color:#78d635;\n}\n<\/style>\n<div  class='hr av-317kcp-1f0bbfbd1fbd5d2c8aa36168450e9df6 hr-custom  avia-builder-el-3  el_after_av_heading  avia-builder-el-last  hr-left hr-icon-no'><span class='hr-inner inner-border-av-border-fat'><span class=\"hr-inner-style\"><\/span><\/span><\/div><\/p><\/div>\n\n<style type=\"text\/css\" data-created_by=\"avia_inline_auto\" id=\"style-css-av-2w4xi9-822a674fc082b39eac445bbc1315fbe0\">\n#top .flex_column.av-2w4xi9-822a674fc082b39eac445bbc1315fbe0{\nmargin-top:0px;\nmargin-bottom:0px;\n}\n.flex_column.av-2w4xi9-822a674fc082b39eac445bbc1315fbe0{\nborder-radius:0px 0px 0px 0px;\npadding:0px 0px 0px 0px;\n}\n.responsive #top #wrap_all .flex_column.av-2w4xi9-822a674fc082b39eac445bbc1315fbe0{\nmargin-top:0px;\nmargin-bottom:0px;\n}\n<\/style>\n<div  class='flex_column av-2w4xi9-822a674fc082b39eac445bbc1315fbe0 av_one_half  avia-builder-el-4  el_after_av_one_full  el_before_av_one_half  first av-break-at-tablet flex_column_div av-animated-generic bottom-to-top av-zero-column-padding  column-top-margin'     ><section  class='av_textblock_section av-2p4rkp-341a59151a30322a7ac3a2f3d78b39e9'   itemscope=\"itemscope\" itemtype=\"https:\/\/schema.org\/CreativeWork\" ><div class='avia_textblock'  itemprop=\"text\" ><p>Los campos de golf no se construyen para la eternidad. Los campos antiguos suelen ir perdiendo calidad y brillo con el paso del tiempo. <strong>En vista de las crecientes demandas en la calidad del dise\u00f1o y del mantenimiento de un campo de golf,<\/strong> cada vez se apuesta m\u00e1s por redise\u00f1ar esos campos. Con ello se consigue que un campo que lucha por mantenerse a flote vuelva a ser competitivo.<\/p>\n<\/div><\/section><\/div>\n\n<style type=\"text\/css\" data-created_by=\"avia_inline_auto\" id=\"style-css-av-9c2up-1d58fc82f6dec9a44680fb118ed6efeb\">\n#top .flex_column.av-9c2up-1d58fc82f6dec9a44680fb118ed6efeb{\nmargin-top:0px;\nmargin-bottom:0px;\n}\n.flex_column.av-9c2up-1d58fc82f6dec9a44680fb118ed6efeb{\nborder-radius:0px 0px 0px 0px;\npadding:0px 0px 0px 0px;\n}\n.responsive #top #wrap_all .flex_column.av-9c2up-1d58fc82f6dec9a44680fb118ed6efeb{\nmargin-top:0px;\nmargin-bottom:0px;\n}\n<\/style>\n<div  class='flex_column av-9c2up-1d58fc82f6dec9a44680fb118ed6efeb av_one_half  avia-builder-el-6  el_after_av_one_half  el_before_av_one_full  av-break-at-tablet flex_column_div av-animated-generic bottom-to-top av-zero-column-padding  column-top-margin'     ><section  class='av_textblock_section av-2dmssp-1449d3117b4f47b3c14ad6d575031109'   itemscope=\"itemscope\" itemtype=\"https:\/\/schema.org\/CreativeWork\" ><div class='avia_textblock'  itemprop=\"text\" ><p>Nuestras actividades principales son la replanificaci\u00f3n, la mejora y la ampliaci\u00f3n de campos de golf. Para que un campo existente no pierda su car\u00e1cter, es necesario contar con mucha experiencia y tacto en el sector. En nuestras oficinas hemos ayudado a que muchos campos europeos y alemanes de primera vuelvan a situarse al m\u00e1s alto nivel. <a href=\"https:\/\/relaunch.golfhimmel.de\/wp-content\/uploads\/2020\/12\/References_Himmel-Golf-Design_061120.pdf\">Aqu\u00ed le dejamos una lista con todas nuestras referencias.<\/a><\/p>\n<\/div><\/section><\/div>\n\n<style type=\"text\/css\" data-created_by=\"avia_inline_auto\" id=\"style-css-av-27c2rd-7a89dfb5141e92a074ef5a5bdc15d7cc\">\n.flex_column.av-27c2rd-7a89dfb5141e92a074ef5a5bdc15d7cc{\nborder-radius:0px 0px 0px 0px;\npadding:0px 0px 0px 0px;\n}\n<\/style>\n<div  class='flex_column av-27c2rd-7a89dfb5141e92a074ef5a5bdc15d7cc av_one_full  avia-builder-el-8  el_after_av_one_half  el_before_av_one_half  first flex_column_div av-animated-generic bottom-to-top av-zero-column-padding  column-top-margin'     ><div  class='togglecontainer av-20436x-4181dad8ac113092cbb6ccd1b30b508c  avia-builder-el-9  avia-builder-el-no-sibling  toggle_close_all' >\n<section class='av_toggle_section av-j20zk-b1e88e9b698946010db53294a6df7ee3'  itemscope=\"itemscope\" itemtype=\"https:\/\/schema.org\/CreativeWork\" ><div role=\"tablist\" class=\"single_toggle\" data-tags=\"{Todo} \"  ><p id='toggle-toggle-id-1' data-fake-id='#toggle-id-1' class='toggler  activeTitle av-title-above'  itemprop=\"headline\"  role='tab' tabindex='0' aria-controls='toggle-id-1' data-slide-speed=\"200\" data-title=\"Neugestaltung (Redesign)\" data-title-open=\"\" data-aria_collapsed=\"Click to expand: Neugestaltung (Redesign)\" data-aria_expanded=\"Click to collapse: Neugestaltung (Redesign)\">Redise\u00f1o<span class=\"toggle_icon\"><span class=\"vert_icon\"><\/span><span class=\"hor_icon\"><\/span><\/span><\/p><div id='toggle-id-1' aria-labelledby='toggle-toggle-id-1' role='region' class='toggle_wrap  active_tc av-title-above' style='display:block;' ><div class='toggle_content invers-color'  itemprop=\"text\" ><p>El redise\u00f1o entra en juego sobre todo en campos cuyos requisitos arquitect\u00f3nicos ya no cumplen con los est\u00e1ndares actuales. Elaboramos un concepto integral en el que analizamos las necesidades, la financiaci\u00f3n y el programa. Con \u00e9l subsanamos las deficiencias existentes en \u00e1reas como el recorrido de las calles, el dise\u00f1o del green y la estrategia del campo.<\/p>\n<\/div><\/div><\/div><\/section>\n<section class='av_toggle_section av-fh1gw-ffde728c4f568cbe0bc86c1ec38e681d'  itemscope=\"itemscope\" itemtype=\"https:\/\/schema.org\/CreativeWork\" ><div role=\"tablist\" class=\"single_toggle\" data-tags=\"{Todo} \"  ><p id='toggle-toggle-id-2' data-fake-id='#toggle-id-2' class='toggler  av-title-above'  itemprop=\"headline\"  role='tab' tabindex='0' aria-controls='toggle-id-2' data-slide-speed=\"200\" data-title=\"Erneuerung (Renovation)\" data-title-open=\"\" data-aria_collapsed=\"Click to expand: Erneuerung (Renovation)\" data-aria_expanded=\"Click to collapse: Erneuerung (Renovation)\">Renovaci\u00f3n<span class=\"toggle_icon\"><span class=\"vert_icon\"><\/span><span class=\"hor_icon\"><\/span><\/span><\/p><div id='toggle-id-2' aria-labelledby='toggle-toggle-id-2' role='region' class='toggle_wrap  av-title-above'  ><div class='toggle_content invers-color'  itemprop=\"text\" ><p>Consiste en mejorar el campo en cuanto a la calidad y los est\u00e1ndares del juego, el mantenimiento del campo, el drenaje y el material de construcci\u00f3n. Para ello se elabora una estrategia general con la que determinar las \u00e1reas en las que se debe mejorar el campo con car\u00e1cter prioritario. A continuaci\u00f3n, se planean y ejecutan cada una de las tareas de construcci\u00f3n. De este modo, el cliente tiene la opci\u00f3n de ir abordando y ejecutando cada medida necesaria por separado.<\/p>\n<\/div><\/div><\/div><\/section>\n<section class='av_toggle_section av-b7g5c-4ce14deff76a53dee70454cb085c0d4c'  itemscope=\"itemscope\" itemtype=\"https:\/\/schema.org\/CreativeWork\" ><div role=\"tablist\" class=\"single_toggle\" data-tags=\"{Todo} \"  ><p id='toggle-toggle-id-3' data-fake-id='#toggle-id-3' class='toggler  av-title-above'  itemprop=\"headline\"  role='tab' tabindex='0' aria-controls='toggle-id-3' data-slide-speed=\"200\" data-title=\"Wiederherstellung (Restauration)\" data-title-open=\"\" data-aria_collapsed=\"Click to expand: Wiederherstellung (Restauration)\" data-aria_expanded=\"Click to collapse: Wiederherstellung (Restauration)\">Restauraci\u00f3n<span class=\"toggle_icon\"><span class=\"vert_icon\"><\/span><span class=\"hor_icon\"><\/span><\/span><\/p><div id='toggle-id-3' aria-labelledby='toggle-toggle-id-3' role='region' class='toggle_wrap  av-title-above'  ><div class='toggle_content invers-color'  itemprop=\"text\" ><p>Con este servicio lo que se hace es devolver el campo a su estado original con la ayuda de material cartogr\u00e1fico y fotogr\u00e1fico hist\u00f3rico.<\/p>\n<\/div><\/div><\/div><\/section>\n<\/div><\/div>\n\n<style type=\"text\/css\" data-created_by=\"avia_inline_auto\" id=\"style-css-av-1f7ysx-040e0fab5c99d1f3558471bcc93c88f7\">\n.flex_column.av-1f7ysx-040e0fab5c99d1f3558471bcc93c88f7{\nborder-radius:0px 0px 0px 0px;\npadding:0px 0px 0px 0px;\n}\n<\/style>\n<div  class='flex_column av-1f7ysx-040e0fab5c99d1f3558471bcc93c88f7 av_one_half  avia-builder-el-10  el_after_av_one_full  el_before_av_one_half  first av-break-at-tablet flex_column_div av-animated-generic bottom-to-top av-zero-column-padding  column-top-margin'     ><p>\n<style type=\"text\/css\" data-created_by=\"avia_inline_auto\" id=\"style-css-av-121xzl-2c6507fa4f6be440c688a01268eb19f2\">\n#top .hr.hr-invisible.av-121xzl-2c6507fa4f6be440c688a01268eb19f2{\nheight:30px;\n}\n<\/style>\n<div  class='hr av-121xzl-2c6507fa4f6be440c688a01268eb19f2 hr-invisible  avia-builder-el-11  el_before_av_heading  avia-builder-el-first'><span class='hr-inner'><span class=\"hr-inner-style\"><\/span><\/span><\/div><br \/>\n\n<style type=\"text\/css\" data-created_by=\"avia_inline_auto\" id=\"style-css-av-bmh1k-f80595b74d2437221762eb16f1ee2c0f\">\n#top .av-special-heading.av-bmh1k-f80595b74d2437221762eb16f1ee2c0f{\npadding-bottom:0;\n}\nbody .av-special-heading.av-bmh1k-f80595b74d2437221762eb16f1ee2c0f .av-special-heading-tag .heading-char{\nfont-size:25px;\n}\n.av-special-heading.av-bmh1k-f80595b74d2437221762eb16f1ee2c0f .av-subheading{\nfont-size:15px;\n}\n<\/style>\n<div  class='av-special-heading av-bmh1k-f80595b74d2437221762eb16f1ee2c0f av-special-heading-h2 blockquote modern-quote  avia-builder-el-12  el_after_av_hr  el_before_av_hr'><h2 class='av-special-heading-tag'  itemprop=\"headline\"  >MODERNO Y ADAPTADO<\/h2><div class=\"special-heading-border\"><div class=\"special-heading-inner-border\"><\/div><\/div><\/div><br \/>\n\n<style type=\"text\/css\" data-created_by=\"avia_inline_auto\" id=\"style-css-av-121xzl-9ce954dc1bf20a50e606e37a9963cb2d\">\n#top .hr.av-121xzl-9ce954dc1bf20a50e606e37a9963cb2d{\nmargin-top:10px;\nmargin-bottom:10px;\n}\n.hr.av-121xzl-9ce954dc1bf20a50e606e37a9963cb2d .hr-inner{\nwidth:50px;\nborder-color:#78d635;\n}\n<\/style>\n<div  class='hr av-121xzl-9ce954dc1bf20a50e606e37a9963cb2d hr-custom  avia-builder-el-13  el_after_av_heading  el_before_av_textblock  hr-left hr-icon-no'><span class='hr-inner inner-border-av-border-fat'><span class=\"hr-inner-style\"><\/span><\/span><\/div><br \/>\n<section  class='av_textblock_section av-xsiu9-9ac450cdbaf317b9211c68b3ce3e6afa'   itemscope=\"itemscope\" itemtype=\"https:\/\/schema.org\/CreativeWork\" ><div class='avia_textblock'  itemprop=\"text\" ><p>\u00bfCu\u00e1l es el atractivo m\u00e1s especial del campo existente? \u00bfD\u00f3nde hay mayor margen de mejora? Para adaptar un campo existente a las necesidades actuales hace falta realizar un an\u00e1lisis exhaustivo del campo sobre el terreno, as\u00ed como mantener conversaciones estrechas con el cliente. Junto con usted elaboraremos un campo de golf contempor\u00e1neo. Para nosotros es muy importante preservar, e incluso enfatizar, todas las particularidades y detalles especiales que han hecho al campo ser lo que es hasta la fecha. La clave para obtener un resultado armonioso es saber combinar las exigencias actuales en lo que a longitud se refiere, el dise\u00f1o de los greens y dar con el c\u00e9sped ideal.<\/p>\n<\/div><\/section><\/p><\/div>\n\n<style type=\"text\/css\" data-created_by=\"avia_inline_auto\" id=\"style-css-av-qtslt-6350d6e1c2322eb536cec1607696f657\">\n.flex_column.av-qtslt-6350d6e1c2322eb536cec1607696f657{\nborder-radius:0px 0px 0px 0px;\npadding:0px 0px 0px 0px;\n}\n<\/style>\n<div  class='flex_column av-qtslt-6350d6e1c2322eb536cec1607696f657 av_one_half  avia-builder-el-15  el_after_av_one_half  el_before_av_one_half  av-break-at-tablet flex_column_div av-animated-generic bottom-to-top av-zero-column-padding  column-top-margin'     ><style type=\"text\/css\" data-created_by=\"avia_inline_auto\" id=\"style-css-av-nfwhl-c853c64fd83260c2bf2a8de07fdfcb85\">\n.avia-image-container.av-nfwhl-c853c64fd83260c2bf2a8de07fdfcb85 img.avia_image{\nbox-shadow:none;\n}\n.avia-image-container.av-nfwhl-c853c64fd83260c2bf2a8de07fdfcb85 .av-image-caption-overlay-center{\ncolor:#ffffff;\n}\n<\/style>\n<div  class='avia-image-container av-nfwhl-c853c64fd83260c2bf2a8de07fdfcb85 av-styling-no-styling avia-align-center  avia-builder-el-16  avia-builder-el-no-sibling'   itemprop=\"image\" itemscope=\"itemscope\" itemtype=\"https:\/\/schema.org\/ImageObject\" ><div class=\"avia-image-container-inner\"><div class=\"avia-image-overlay-wrap\"><img decoding=\"async\" fetchpriority=\"high\" class='wp-image-2844 avia-img-lazy-loading-not-2844 avia_image' src=\"https:\/\/www.golfhimmel.de\/wp-content\/uploads\/2022\/02\/Achental_VS78559-scaled.jpg\" alt='' title='Achental_VS78559'  height=\"1706\" width=\"2560\"  itemprop=\"thumbnailUrl\" srcset=\"https:\/\/www.golfhimmel.de\/wp-content\/uploads\/2022\/02\/Achental_VS78559-scaled.jpg 2560w, https:\/\/www.golfhimmel.de\/wp-content\/uploads\/2022\/02\/Achental_VS78559-300x200.jpg 300w, https:\/\/www.golfhimmel.de\/wp-content\/uploads\/2022\/02\/Achental_VS78559-1030x687.jpg 1030w, https:\/\/www.golfhimmel.de\/wp-content\/uploads\/2022\/02\/Achental_VS78559-768x512.jpg 768w, https:\/\/www.golfhimmel.de\/wp-content\/uploads\/2022\/02\/Achental_VS78559-1536x1024.jpg 1536w, https:\/\/www.golfhimmel.de\/wp-content\/uploads\/2022\/02\/Achental_VS78559-2048x1365.jpg 2048w, https:\/\/www.golfhimmel.de\/wp-content\/uploads\/2022\/02\/Achental_VS78559-18x12.jpg 18w, https:\/\/www.golfhimmel.de\/wp-content\/uploads\/2022\/02\/Achental_VS78559-1500x1000.jpg 1500w, https:\/\/www.golfhimmel.de\/wp-content\/uploads\/2022\/02\/Achental_VS78559-705x470.jpg 705w\" sizes=\"(max-width: 2560px) 100vw, 2560px\" \/><\/div><\/div><\/div><\/div>\n<style type=\"text\/css\" data-created_by=\"avia_inline_auto\" id=\"style-css-av-qtslt-1479591e2ecf2ab3793ec5d733c8e5aa\">\n.flex_column.av-qtslt-1479591e2ecf2ab3793ec5d733c8e5aa{\nborder-radius:0px 0px 0px 0px;\npadding:0px 0px 0px 0px;\n}\n<\/style>\n<div  class='flex_column av-qtslt-1479591e2ecf2ab3793ec5d733c8e5aa av_one_half  avia-builder-el-17  el_after_av_one_half  el_before_av_one_half  first av-break-at-tablet flex_column_div av-animated-generic bottom-to-top av-zero-column-padding  column-top-margin'     ><style type=\"text\/css\" data-created_by=\"avia_inline_auto\" id=\"style-css-av-nfwhl-777b686d5b34c51cf22c8d2ce8da0ccb\">\n.avia-image-container.av-nfwhl-777b686d5b34c51cf22c8d2ce8da0ccb img.avia_image{\nbox-shadow:none;\n}\n.avia-image-container.av-nfwhl-777b686d5b34c51cf22c8d2ce8da0ccb .av-image-caption-overlay-center{\ncolor:#ffffff;\n}\n<\/style>\n<div  class='avia-image-container av-nfwhl-777b686d5b34c51cf22c8d2ce8da0ccb av-styling-no-styling avia-align-center  avia-builder-el-18  avia-builder-el-no-sibling'   itemprop=\"image\" itemscope=\"itemscope\" itemtype=\"https:\/\/schema.org\/ImageObject\" ><div class=\"avia-image-container-inner\"><div class=\"avia-image-overlay-wrap\"><img decoding=\"async\" fetchpriority=\"high\" class='wp-image-1608 avia-img-lazy-loading-not-1608 avia_image' src=\"https:\/\/www.golfhimmel.de\/wp-content\/uploads\/2020\/12\/ac361c66-85c0-42b3-95ee-021596a394d5-495x400.jpg\" alt='' title=''  height=\"400\" width=\"495\"  itemprop=\"thumbnailUrl\" srcset=\"https:\/\/www.golfhimmel.de\/wp-content\/uploads\/2020\/12\/ac361c66-85c0-42b3-95ee-021596a394d5-495x400.jpg 495w, https:\/\/www.golfhimmel.de\/wp-content\/uploads\/2020\/12\/ac361c66-85c0-42b3-95ee-021596a394d5-845x684.jpg 845w\" sizes=\"(max-width: 495px) 100vw, 495px\" \/><\/div><\/div><\/div><\/div><\/p>\n\n<style type=\"text\/css\" data-created_by=\"avia_inline_auto\" id=\"style-css-av-1f7ysx-0cb41d758c9c6d293d47cba486872090\">\n.flex_column.av-1f7ysx-0cb41d758c9c6d293d47cba486872090{\nborder-radius:0px 0px 0px 0px;\npadding:0px 0px 0px 0px;\n}\n<\/style>\n<div  class='flex_column av-1f7ysx-0cb41d758c9c6d293d47cba486872090 av_one_half  avia-builder-el-19  el_after_av_one_half  avia-builder-el-last  av-break-at-tablet flex_column_div av-animated-generic bottom-to-top av-zero-column-padding  column-top-margin'     ><p>\n<style type=\"text\/css\" data-created_by=\"avia_inline_auto\" id=\"style-css-av-7zq94-feb6ea8663edba5a78045502eed51fce\">\n#top .av-special-heading.av-7zq94-feb6ea8663edba5a78045502eed51fce{\npadding-bottom:0;\n}\nbody .av-special-heading.av-7zq94-feb6ea8663edba5a78045502eed51fce .av-special-heading-tag .heading-char{\nfont-size:25px;\n}\n.av-special-heading.av-7zq94-feb6ea8663edba5a78045502eed51fce .av-subheading{\nfont-size:15px;\n}\n<\/style>\n<div  class='av-special-heading av-7zq94-feb6ea8663edba5a78045502eed51fce av-special-heading-h2 blockquote modern-quote  avia-builder-el-20  el_before_av_hr  avia-builder-el-first'><h2 class='av-special-heading-tag'  itemprop=\"headline\"  >DISE\u00d1O DE BUNKERS<\/h2><div class=\"special-heading-border\"><div class=\"special-heading-inner-border\"><\/div><\/div><\/div><br \/>\n\n<style type=\"text\/css\" data-created_by=\"avia_inline_auto\" id=\"style-css-av-121xzl-9ce954dc1bf20a50e606e37a9963cb2d\">\n#top .hr.av-121xzl-9ce954dc1bf20a50e606e37a9963cb2d{\nmargin-top:10px;\nmargin-bottom:10px;\n}\n.hr.av-121xzl-9ce954dc1bf20a50e606e37a9963cb2d .hr-inner{\nwidth:50px;\nborder-color:#78d635;\n}\n<\/style>\n<div  class='hr av-121xzl-9ce954dc1bf20a50e606e37a9963cb2d hr-custom  avia-builder-el-21  el_after_av_heading  el_before_av_textblock  hr-left hr-icon-no'><span class='hr-inner inner-border-av-border-fat'><span class=\"hr-inner-style\"><\/span><\/span><\/div><br \/>\n<section  class='av_textblock_section av-xsiu9-9ac450cdbaf317b9211c68b3ce3e6afa'   itemscope=\"itemscope\" itemtype=\"https:\/\/schema.org\/CreativeWork\" ><div class='avia_textblock'  itemprop=\"text\" ><p>Los bunkers entran por los ojos y son un elemento tanto visual como estrat\u00e9gico. Por ello son tan importantes a la hora de crear un campo de golf de calidad y atractivo.<\/p>\n<p>Por regla general, los bunkers son, junto a los propios greens, el elemento de juego y el obst\u00e1culo primario y m\u00e1s tradicional en el golf y de ninguna manera est\u00e1n pensados solo para penalizar. Ofrecen posibilidades y diferentes rutas a los golfistas y los retan para que piensen. Podr\u00edamos decir que son el elemento visual m\u00e1s importante en el golf y que pueden influir mucho sobre la psique del golfista, ya sea de manera positiva como negativa. Adem\u00e1s, enriquecen visualmente las calles haciendo el campo m\u00e1s atractivo.<\/p>\n<p>El dise\u00f1o de los bunkers es algo extremadamente vers\u00e1til e individual que depende del gusto de cada uno. La decisi\u00f3n de escoger un estilo determinado depende, a fin de cuentas, del dise\u00f1o general del campo, de su entorno, de la topograf\u00eda y del presupuesto de mantenimiento. Otro factor a tener en cuenta es el modelo operativo de la instalaci\u00f3n: Un club deportivo para miembros exige de bunkers mucho m\u00e1s sofisticados que un campo pensado para una gran afluencia de principiantes. No existen reglas fijas en lo que a bunkers se refiere por lo que lo mejor es adaptar cada caso de manera individual.<br \/>\nSea cual sea la variante de estilo que finalmente se adopte, bajo ning\u00fan concepto se debe subestimar la funci\u00f3n estrat\u00e9gica de un bunker. No podemos olvidar que es mucho m\u00e1s que un simple componente visual y de dise\u00f1o<\/p>\n<\/div><\/section><\/p><\/div>","protected":false},"excerpt":{"rendered":"","protected":false},"author":1,"featured_media":0,"parent":0,"menu_order":0,"comment_status":"closed","ping_status":"closed","template":"","meta":{"footnotes":""},"class_list":["post-296","page","type-page","status-publish","hentry"],"_links":{"self":[{"href":"https:\/\/www.golfhimmel.de\/es\/wp-json\/wp\/v2\/pages\/296","targetHints":{"allow":["GET"]}}],"collection":[{"href":"https:\/\/www.golfhimmel.de\/es\/wp-json\/wp\/v2\/pages"}],"about":[{"href":"https:\/\/www.golfhimmel.de\/es\/wp-json\/wp\/v2\/types\/page"}],"author":[{"embeddable":true,"href":"https:\/\/www.golfhimmel.de\/es\/wp-json\/wp\/v2\/users\/1"}],"replies":[{"embeddable":true,"href":"https:\/\/www.golfhimmel.de\/es\/wp-json\/wp\/v2\/comments?post=296"}],"version-history":[{"count":41,"href":"https:\/\/www.golfhimmel.de\/es\/wp-json\/wp\/v2\/pages\/296\/revisions"}],"predecessor-version":[{"id":3066,"href":"https:\/\/www.golfhimmel.de\/es\/wp-json\/wp\/v2\/pages\/296\/revisions\/3066"}],"wp:attachment":[{"href":"https:\/\/www.golfhimmel.de\/es\/wp-json\/wp\/v2\/media?parent=296"}],"curies":[{"name":"wp","href":"https:\/\/api.w.org\/{rel}","templated":true}]}}