{"id":316,"date":"2020-10-16T07:58:22","date_gmt":"2020-10-16T07:58:22","guid":{"rendered":"https:\/\/relaunch.golfhimmel.de\/?page_id=316"},"modified":"2024-02-15T14:21:31","modified_gmt":"2024-02-15T14:21:31","slug":"nachhaltigkeit-golfsustainable","status":"publish","type":"page","link":"https:\/\/www.golfhimmel.de\/es\/nachhaltigkeit\/nachhaltigkeit-golfsustainable\/","title":{"rendered":"Nachhaltigkeit Golfsustainable"},"content":{"rendered":"<style type=\"text\/css\" data-created_by=\"avia_inline_auto\" id=\"style-css-av-xvt1w-1672206d05fdaac9072f5d7fa2f2ca4b\">\n.flex_column.av-xvt1w-1672206d05fdaac9072f5d7fa2f2ca4b{\nborder-radius:0px 0px 0px 0px;\npadding:0px 0px 0px 0px;\n}\n<\/style>\n<div  class='flex_column av-xvt1w-1672206d05fdaac9072f5d7fa2f2ca4b av_one_full  avia-builder-el-0  el_before_av_one_full  avia-builder-el-first  first flex_column_div av-zero-column-padding'     ><style type=\"text\/css\" data-created_by=\"avia_inline_auto\" id=\"style-css-av-kiuky1zy-dac1ee6ad3c7bfd1a411e157cce198c0\">\n.avia-image-container.av-kiuky1zy-dac1ee6ad3c7bfd1a411e157cce198c0 img.avia_image{\nbox-shadow:none;\n}\n.avia-image-container.av-kiuky1zy-dac1ee6ad3c7bfd1a411e157cce198c0 .av-image-caption-overlay-center{\ncolor:#ffffff;\n}\n<\/style>\n<div  class='avia-image-container av-kiuky1zy-dac1ee6ad3c7bfd1a411e157cce198c0 av-styling- avia-align-center  avia-builder-el-1  avia-builder-el-no-sibling'   itemprop=\"image\" itemscope=\"itemscope\" itemtype=\"https:\/\/schema.org\/ImageObject\" ><div class=\"avia-image-container-inner\"><div class=\"avia-image-overlay-wrap\"><img decoding=\"async\" fetchpriority=\"high\" class='wp-image-1189 avia-img-lazy-loading-not-1189 avia_image' src=\"https:\/\/www.golfhimmel.de\/wp-content\/uploads\/2020\/12\/praesentation_golfsustainable-scaled.jpg\" alt='' title='praesentation_golfsustainable'  height=\"1466\" width=\"2560\"  itemprop=\"thumbnailUrl\" srcset=\"https:\/\/www.golfhimmel.de\/wp-content\/uploads\/2020\/12\/praesentation_golfsustainable-scaled.jpg 2560w, https:\/\/www.golfhimmel.de\/wp-content\/uploads\/2020\/12\/praesentation_golfsustainable-300x172.jpg 300w, https:\/\/www.golfhimmel.de\/wp-content\/uploads\/2020\/12\/praesentation_golfsustainable-1030x590.jpg 1030w, https:\/\/www.golfhimmel.de\/wp-content\/uploads\/2020\/12\/praesentation_golfsustainable-768x440.jpg 768w, https:\/\/www.golfhimmel.de\/wp-content\/uploads\/2020\/12\/praesentation_golfsustainable-1536x879.jpg 1536w, https:\/\/www.golfhimmel.de\/wp-content\/uploads\/2020\/12\/praesentation_golfsustainable-2048x1173.jpg 2048w, https:\/\/www.golfhimmel.de\/wp-content\/uploads\/2020\/12\/praesentation_golfsustainable-1500x859.jpg 1500w, https:\/\/www.golfhimmel.de\/wp-content\/uploads\/2020\/12\/praesentation_golfsustainable-705x404.jpg 705w\" sizes=\"(max-width: 2560px) 100vw, 2560px\" \/><\/div><\/div><\/div><\/div>\n\n<style type=\"text\/css\" data-created_by=\"avia_inline_auto\" id=\"style-css-av-3fdj5d-167664ddc10ea248c4ccd056ce9064ad\">\n#top .flex_column.av-3fdj5d-167664ddc10ea248c4ccd056ce9064ad{\nmargin-top:0px;\nmargin-bottom:0px;\n}\n.flex_column.av-3fdj5d-167664ddc10ea248c4ccd056ce9064ad{\nborder-radius:0px 0px 0px 0px;\npadding:0px 0px 0px 0px;\n}\n.responsive #top #wrap_all .flex_column.av-3fdj5d-167664ddc10ea248c4ccd056ce9064ad{\nmargin-top:0px;\nmargin-bottom:0px;\n}\n<\/style>\n<div  class='flex_column av-3fdj5d-167664ddc10ea248c4ccd056ce9064ad av_one_full  avia-builder-el-2  el_after_av_one_full  el_before_av_one_half  first flex_column_div av-animated-generic bottom-to-top av-zero-column-padding  column-top-margin'     ><p>\n<style type=\"text\/css\" data-created_by=\"avia_inline_auto\" id=\"style-css-av-9zcz0-4d028bafa1d7cdf9d22bf343a3cf579f\">\n#top .av-special-heading.av-9zcz0-4d028bafa1d7cdf9d22bf343a3cf579f{\npadding-bottom:0;\n}\nbody .av-special-heading.av-9zcz0-4d028bafa1d7cdf9d22bf343a3cf579f .av-special-heading-tag .heading-char{\nfont-size:25px;\n}\n.av-special-heading.av-9zcz0-4d028bafa1d7cdf9d22bf343a3cf579f .av-subheading{\nfont-size:15px;\n}\n<\/style>\n<div  class='av-special-heading av-9zcz0-4d028bafa1d7cdf9d22bf343a3cf579f av-special-heading-h2 blockquote modern-quote  avia-builder-el-3  el_before_av_hr  avia-builder-el-first'><h2 class='av-special-heading-tag'  itemprop=\"headline\"  >LA PLATAFORMA GOLF SUSTAINABLE<\/h2><div class=\"special-heading-border\"><div class=\"special-heading-inner-border\"><\/div><\/div><\/div><br \/>\n\n<style type=\"text\/css\" data-created_by=\"avia_inline_auto\" id=\"style-css-av-317kcp-1f0bbfbd1fbd5d2c8aa36168450e9df6\">\n#top .hr.av-317kcp-1f0bbfbd1fbd5d2c8aa36168450e9df6{\nmargin-top:10px;\nmargin-bottom:10px;\n}\n.hr.av-317kcp-1f0bbfbd1fbd5d2c8aa36168450e9df6 .hr-inner{\nwidth:50px;\nborder-color:#78d635;\n}\n<\/style>\n<div  class='hr av-317kcp-1f0bbfbd1fbd5d2c8aa36168450e9df6 hr-custom  avia-builder-el-4  el_after_av_heading  avia-builder-el-last  hr-left hr-icon-no'><span class='hr-inner inner-border-av-border-fat'><span class=\"hr-inner-style\"><\/span><\/span><\/div><\/p><\/div>\n\n<style type=\"text\/css\" data-created_by=\"avia_inline_auto\" id=\"style-css-av-2w4xi9-822a674fc082b39eac445bbc1315fbe0\">\n#top .flex_column.av-2w4xi9-822a674fc082b39eac445bbc1315fbe0{\nmargin-top:0px;\nmargin-bottom:0px;\n}\n.flex_column.av-2w4xi9-822a674fc082b39eac445bbc1315fbe0{\nborder-radius:0px 0px 0px 0px;\npadding:0px 0px 0px 0px;\n}\n.responsive #top #wrap_all .flex_column.av-2w4xi9-822a674fc082b39eac445bbc1315fbe0{\nmargin-top:0px;\nmargin-bottom:0px;\n}\n<\/style>\n<div  class='flex_column av-2w4xi9-822a674fc082b39eac445bbc1315fbe0 av_one_half  avia-builder-el-5  el_after_av_one_full  el_before_av_one_half  first av-break-at-tablet flex_column_div av-animated-generic bottom-to-top av-zero-column-padding  column-top-margin'     ><section  class='av_textblock_section av-2p4rkp-707516915ee3d659b31f04bb71a5470f'   itemscope=\"itemscope\" itemtype=\"https:\/\/schema.org\/CreativeWork\" ><div class='avia_textblock'  itemprop=\"text\" ><p>El golf, debido a las superficies de compensaci\u00f3n relativamente grandes que ocupan los campos, se est\u00e1 convirtiendo en un socio cada vez m\u00e1s importante a la hora de aumentar la biodiversidad y la protecci\u00f3n del medio ambiente. La comunicaci\u00f3n de asuntos como el medio ambiente y la sostenibilidad son clave para un desarrollo positivo. La plataforma informativa (en alem\u00e1n) <a href=\"https:\/\/golfsustainable.com\/\">Golf Sustainable<\/a>fue fundada en 2020 por <strong>\u00a0Petra Himmel <\/strong>als Non-Profit-Organisation gegr\u00fcndet und gef\u00fchrt, mit <strong>Sankt Leon<\/strong> als Mitbegr\u00fcnder, hat das Ziel, Informationen zu Nachhaltigkeitsthemen im Golfsport zu sammeln und zu ver\u00f6ffentlichen. Auf diese Weise schaffen wir <strong>\u00d6ffentlichkeit<\/strong> f\u00fcr die zahlreichen Bem\u00fchungen von Einzelpersonen, Golfanlagen und Verb\u00e4nden, den Golfsport in Sachen Umwelt-, Tier- und Pflanzenschutz, Integration und Gleichberechtigung zu f\u00f6rdern. Die <strong>Vernetzung<\/strong> der einzelnen Ideengeber innerhalb des deutschsprachigen Raumes ist dabei ein weiterer Aspekt.<\/p>\n<\/div><\/section><\/div>\n<style type=\"text\/css\" data-created_by=\"avia_inline_auto\" id=\"style-css-av-9c2up-1d58fc82f6dec9a44680fb118ed6efeb\">\n#top .flex_column.av-9c2up-1d58fc82f6dec9a44680fb118ed6efeb{\nmargin-top:0px;\nmargin-bottom:0px;\n}\n.flex_column.av-9c2up-1d58fc82f6dec9a44680fb118ed6efeb{\nborder-radius:0px 0px 0px 0px;\npadding:0px 0px 0px 0px;\n}\n.responsive #top #wrap_all .flex_column.av-9c2up-1d58fc82f6dec9a44680fb118ed6efeb{\nmargin-top:0px;\nmargin-bottom:0px;\n}\n<\/style>\n<div  class='flex_column av-9c2up-1d58fc82f6dec9a44680fb118ed6efeb av_one_half  avia-builder-el-7  el_after_av_one_half  el_before_av_hr  av-break-at-tablet flex_column_div av-animated-generic bottom-to-top av-zero-column-padding  column-top-margin'     ><section  class='av_textblock_section av-2dmssp-1449d3117b4f47b3c14ad6d575031109'   itemscope=\"itemscope\" itemtype=\"https:\/\/schema.org\/CreativeWork\" ><div class='avia_textblock'  itemprop=\"text\" ><p>Golf Sustainable es una plataforma electr\u00f3nica en alem\u00e1n que tambi\u00e9n ofrece informaci\u00f3n sobre diferentes <strong>ideas y proyectos relacionados con el mundo del golf<\/strong> a trav\u00e9s de canales de redes sociales como Facebook, Instagram y Twitter. Algunos temas que se tratan son el aumento de <strong>aumento de la biodiversidad del lugar<\/strong> o la influencia del mantenimiento sostenible del campo, adem\u00e1s de otros asuntos tan interesantes como las consecuencias del cambio clim\u00e1tico o el papel de los campos de golf como elementos de valor dentro de la sociedad. La serie Golf trifft Wissenschaft (El golf se une a la ciencia) informa sobre los resultados de investigaciones realizadas en campos de golf y del hecho de que cada vez m\u00e1s estudios tratan los efectos del golf en su entorno. En los ejemplos de buenas pr\u00e1cticas se explican ideas que otros campos de golf pueden tomar como ejemplo para aplicarlas. La mejora de la calidad como objetivo sostenible de un campo de golf se trata en el apartado de investigaciones y noticias. <strong>nachhaltigem Greenkeeping<\/strong> genauso wie die <strong>Folgen des Klimawandels<\/strong> oder die Positionierung von Golfanlagen als wertvolle Mitglieder innerhalb der <strong>sozialen Gemeinschaft<\/strong>. Die Serie &#8222;<strong>Golf trifft Wissenschaft<\/strong>&#8220; informiert \u00fcber Forschungsergebnisse auf Golfanlagen, nachdem sich immer mehr Studien mit den Einfl\u00fcssen des Golfsports auf seine Umwelt befassen. <strong>Best Practice Beispiele<\/strong> sollen f\u00fcr andere Golfanlagen nachahmenswerte Ideen erkl\u00e4ren. <strong>Qualit\u00e4tssteigerung<\/strong> als nachhaltiges Ziel einer Golfanlage ist ein weiterer Schwerpunkt der Recherchen und News.<\/p>\n<\/div><\/section><\/div><\/p>\n\n<style type=\"text\/css\" data-created_by=\"avia_inline_auto\" id=\"style-css-av-317kcp-ef1435e157e6afe7395fc5e478cb8518\">\n#top .hr.hr-invisible.av-317kcp-ef1435e157e6afe7395fc5e478cb8518{\nheight:50px;\n}\n<\/style>\n<div  class='hr av-317kcp-ef1435e157e6afe7395fc5e478cb8518 hr-invisible  avia-builder-el-9  el_after_av_one_half  el_before_av_one_third'><span class='hr-inner'><span class=\"hr-inner-style\"><\/span><\/span><\/div>\n\n<style type=\"text\/css\" data-created_by=\"avia_inline_auto\" id=\"style-css-av-l0cn0-1cdbd6ec44dd0e0cd35296cc3c9d6fa0\">\n.flex_column.av-l0cn0-1cdbd6ec44dd0e0cd35296cc3c9d6fa0{\nborder-radius:0px 0px 0px 0px;\npadding:0px 0px 0px 0px;\n}\n<\/style>\n<div  class='flex_column av-l0cn0-1cdbd6ec44dd0e0cd35296cc3c9d6fa0 av_one_third  avia-builder-el-10  el_after_av_hr  el_before_av_one_third  first av-break-at-tablet flex_column_div av-zero-column-padding'     ><article  class='iconbox iconbox_top av-kiul4tw2-274589d80807b973f5d7dfb8b6fd3054  avia-builder-el-11  avia-builder-el-no-sibling  main_color'  itemscope=\"itemscope\" itemtype=\"https:\/\/schema.org\/CreativeWork\" ><div class=\"iconbox_content\"><header class=\"entry-content-header\" aria-label=\"Icon: Facebook\"><div class='iconbox_icon heading-color avia-iconfont avia-font-entypo-fontello' data-av_icon='\ue8f5' data-av_iconfont='entypo-fontello'  ><\/div><h3 class='iconbox_content_title'  itemprop=\"headline\" >Facebook<\/h3><\/header><div class='iconbox_content_container'  itemprop=\"text\" ><p><a href=\"https:\/\/www.facebook.com\/Golf-Sustainable-110376193759075\/\" target=\"_blank\" rel=\"noopener\">Facebook de Golf Sustainable<\/a><\/p>\n<\/div><\/div><footer class=\"entry-footer\"><\/footer><\/article><\/div>\n\n<style type=\"text\/css\" data-created_by=\"avia_inline_auto\" id=\"style-css-av-gr9u4-4473d5a80873420b39a5debe93799593\">\n.flex_column.av-gr9u4-4473d5a80873420b39a5debe93799593{\nborder-radius:0px 0px 0px 0px;\npadding:0px 0px 0px 0px;\n}\n<\/style>\n<div  class='flex_column av-gr9u4-4473d5a80873420b39a5debe93799593 av_one_third  avia-builder-el-12  el_after_av_one_third  el_before_av_one_third  av-break-at-tablet flex_column_div av-zero-column-padding'     ><article  class='iconbox iconbox_top av-kiul4tw2-7b3bd2d2b70a66fe0adc08ddd64d7a40  avia-builder-el-13  avia-builder-el-no-sibling  main_color'  itemscope=\"itemscope\" itemtype=\"https:\/\/schema.org\/CreativeWork\" ><div class=\"iconbox_content\"><header class=\"entry-content-header\" aria-label=\"Icon: Twitter\"><div class='iconbox_icon heading-color avia-iconfont avia-font-entypo-fontello' data-av_icon='\ue8f1' data-av_iconfont='entypo-fontello'  ><\/div><h3 class='iconbox_content_title'  itemprop=\"headline\" >Twitter<\/h3><\/header><div class='iconbox_content_container'  itemprop=\"text\" ><p><a href=\"https:\/\/twitter.com\/golfsustainable\" target=\"_blank\" rel=\"noopener\">Twitter de Golf Sustainable<\/a><\/p>\n<\/div><\/div><footer class=\"entry-footer\"><\/footer><\/article><\/div>\n\n<style type=\"text\/css\" data-created_by=\"avia_inline_auto\" id=\"style-css-av-6u9zg-c20d38a933a38330cb78aaf5284482fd\">\n.flex_column.av-6u9zg-c20d38a933a38330cb78aaf5284482fd{\nborder-radius:0px 0px 0px 0px;\npadding:0px 0px 0px 0px;\n}\n<\/style>\n<div  class='flex_column av-6u9zg-c20d38a933a38330cb78aaf5284482fd av_one_third  avia-builder-el-14  el_after_av_one_third  avia-builder-el-last  av-break-at-tablet flex_column_div av-zero-column-padding'     ><article  class='iconbox iconbox_top av-kiul4tw2-a8afc8f0dede6627549d0271d01e8faa  avia-builder-el-15  avia-builder-el-no-sibling  main_color'  itemscope=\"itemscope\" itemtype=\"https:\/\/schema.org\/CreativeWork\" ><div class=\"iconbox_content\"><header class=\"entry-content-header\" aria-label=\"Icon: Instagram\"><div class='iconbox_icon heading-color avia-iconfont avia-font-entypo-fontello' data-av_icon='\ue909' data-av_iconfont='entypo-fontello'  ><\/div><h3 class='iconbox_content_title'  itemprop=\"headline\" >Instagram<\/h3><\/header><div class='iconbox_content_container'  itemprop=\"text\" ><p><a href=\"https:\/\/www.instagram.com\/golfsustainable\/?hl=de\" target=\"_blank\" rel=\"noopener\">Instagram de Golf Sustainable<\/a><\/p>\n<\/div><\/div><footer class=\"entry-footer\"><\/footer><\/article><\/div>","protected":false},"excerpt":{"rendered":"","protected":false},"author":1,"featured_media":0,"parent":312,"menu_order":0,"comment_status":"closed","ping_status":"closed","template":"","meta":{"footnotes":""},"class_list":["post-316","page","type-page","status-publish","hentry"],"_links":{"self":[{"href":"https:\/\/www.golfhimmel.de\/es\/wp-json\/wp\/v2\/pages\/316","targetHints":{"allow":["GET"]}}],"collection":[{"href":"https:\/\/www.golfhimmel.de\/es\/wp-json\/wp\/v2\/pages"}],"about":[{"href":"https:\/\/www.golfhimmel.de\/es\/wp-json\/wp\/v2\/types\/page"}],"author":[{"embeddable":true,"href":"https:\/\/www.golfhimmel.de\/es\/wp-json\/wp\/v2\/users\/1"}],"replies":[{"embeddable":true,"href":"https:\/\/www.golfhimmel.de\/es\/wp-json\/wp\/v2\/comments?post=316"}],"version-history":[{"count":23,"href":"https:\/\/www.golfhimmel.de\/es\/wp-json\/wp\/v2\/pages\/316\/revisions"}],"predecessor-version":[{"id":3399,"href":"https:\/\/www.golfhimmel.de\/es\/wp-json\/wp\/v2\/pages\/316\/revisions\/3399"}],"up":[{"embeddable":true,"href":"https:\/\/www.golfhimmel.de\/es\/wp-json\/wp\/v2\/pages\/312"}],"wp:attachment":[{"href":"https:\/\/www.golfhimmel.de\/es\/wp-json\/wp\/v2\/media?parent=316"}],"curies":[{"name":"wp","href":"https:\/\/api.w.org\/{rel}","templated":true}]}}