{"id":3242,"date":"2024-02-16T07:57:57","date_gmt":"2024-02-16T07:57:57","guid":{"rendered":"https:\/\/www.golfhimmel.de\/?page_id=3242"},"modified":"2024-02-16T10:06:20","modified_gmt":"2024-02-16T10:06:20","slug":"kompakt-uebungsanlagen","status":"publish","type":"page","link":"https:\/\/www.golfhimmel.de\/es\/kompakt-uebungsanlagen\/","title":{"rendered":"Campos cortos &amp; areas de pr\u00e1cticas"},"content":{"rendered":"<div id='full_slider_1'  class='avia-fullwidth-slider main_color avia-shadow   avia-builder-el-0  el_before_av_one_full  avia-builder-el-first   container_wrap sidebar_right'  ><div  class='avia-slideshow av-lsiry0v3-2728e5c2d55327d12b9eda37782d33fa avia-slideshow-featured av_slideshow_full avia-slide-slider av-slideshow-ui av-control-default av-slideshow-manual av-loop-once av-loop-manual-endless av-default-height-applied   avia-slideshow-1' data-slideshow-options=\"{&quot;animation&quot;:&quot;slide&quot;,&quot;autoplay&quot;:false,&quot;loop_autoplay&quot;:&quot;once&quot;,&quot;interval&quot;:5,&quot;loop_manual&quot;:&quot;manual-endless&quot;,&quot;autoplay_stopper&quot;:false,&quot;noNavigation&quot;:false,&quot;bg_slider&quot;:false,&quot;keep_padding&quot;:false,&quot;hoverpause&quot;:false,&quot;show_slide_delay&quot;:0}\"  itemprop=\"image\" itemscope=\"itemscope\" itemtype=\"https:\/\/schema.org\/ImageObject\" ><ul class='avia-slideshow-inner' style='padding-bottom: 28.666666666667%;'><li  class='avia-slideshow-slide av-lsiry0v3-2728e5c2d55327d12b9eda37782d33fa__0  slide-1 slide-odd'><div data-rel='slideshow-1' class='avia-slide-wrap'   ><img decoding=\"async\" fetchpriority=\"high\" class=\"wp-image-3244 avia-img-lazy-loading-not-3244\"  src=\"https:\/\/www.golfhimmel.de\/wp-content\/uploads\/2024\/02\/IMG_7287-1500x430.jpg\" width=\"1500\" height=\"430\" title='IMG_7287' alt=''  itemprop=\"thumbnailUrl\"   \/><\/div><\/li><li  class='avia-slideshow-slide av-lsiry0v3-2728e5c2d55327d12b9eda37782d33fa__1  slide-2 slide-even'><div data-rel='slideshow-1' class='avia-slide-wrap'   ><img decoding=\"async\" fetchpriority=\"high\" class=\"wp-image-3243 avia-img-lazy-loading-not-3243\"  src=\"https:\/\/www.golfhimmel.de\/wp-content\/uploads\/2024\/02\/Open9_01_VS85978-1500x430.jpg\" width=\"1500\" height=\"430\" title='Open9_01_VS85978' alt=''  itemprop=\"thumbnailUrl\"   \/><\/div><div class='av-image-copyright av-copyright-right'><span>Stefan von Stengel<\/span><\/div><\/li><li  class='avia-slideshow-slide av-lsiry0v3-2728e5c2d55327d12b9eda37782d33fa__2  slide-3 slide-odd'><div data-rel='slideshow-1' class='avia-slide-wrap'   ><img decoding=\"async\" fetchpriority=\"high\" class=\"wp-image-3264 avia-img-lazy-loading-not-3264\"  src=\"https:\/\/www.golfhimmel.de\/wp-content\/uploads\/2024\/02\/Drehtag-2-Foot.00_39_54_20.Standbild005-1500x430.png\" width=\"1500\" height=\"430\" title='Drehtag 2 Foot.00_39_54_20.Standbild005' alt=''  itemprop=\"thumbnailUrl\"   \/><\/div><div class='av-image-copyright av-copyright-right'><span>Das Achental<\/span><\/div><\/li><li  class='avia-slideshow-slide av-lsiry0v3-2728e5c2d55327d12b9eda37782d33fa__3  slide-4 slide-even'><div data-rel='slideshow-1' class='avia-slide-wrap'   ><img decoding=\"async\" fetchpriority=\"high\" class=\"wp-image-3285 avia-img-lazy-loading-not-3285\"  src=\"https:\/\/www.golfhimmel.de\/wp-content\/uploads\/2024\/02\/Open9_06_VS86017-1500x430.jpg\" width=\"1500\" height=\"430\" title='Open9_06_VS86017' alt=''  itemprop=\"thumbnailUrl\"   \/><\/div><div class='av-image-copyright av-copyright-right'><span>Stefan von Stengel<\/span><\/div><\/li><\/ul><div class='avia-slideshow-arrows avia-slideshow-controls' ><a href='#prev' class='prev-slide  avia-svg-icon avia-font-svg_entypo-fontello' data-av_svg_icon='left-open-big' data-av_iconset='svg_entypo-fontello' tabindex='-1' title=\"Anterior\"><svg version=\"1.1\" xmlns=\"http:\/\/www.w3.org\/2000\/svg\" width=\"15\" height=\"32\" viewbox=\"0 0 15 32\" preserveaspectratio=\"xMidYMid meet\" aria-labelledby='av-svg-title-1' aria-describedby='av-svg-desc-1' role=\"graphics-symbol\" aria-hidden=\"true\">\n<title id='av-svg-title-1'>Anterior<\/title>\n<desc id='av-svg-desc-1'>Anterior<\/desc>\n<path d=\"M14.464 27.84q0.832 0.832 0 1.536-0.832 0.832-1.536 0l-12.544-12.608q-0.768-0.768 0-1.6l12.544-12.608q0.704-0.832 1.536 0 0.832 0.704 0 1.536l-11.456 11.904z\"><\/path>\n<\/svg><span class='avia_hidden_link_text'>Anterior<\/span><\/a><a href='#next' class='next-slide  avia-svg-icon avia-font-svg_entypo-fontello' data-av_svg_icon='right-open-big' data-av_iconset='svg_entypo-fontello' tabindex='-1' title=\"Posterior\"><svg version=\"1.1\" xmlns=\"http:\/\/www.w3.org\/2000\/svg\" width=\"15\" height=\"32\" viewbox=\"0 0 15 32\" preserveaspectratio=\"xMidYMid meet\" aria-labelledby='av-svg-title-2' aria-describedby='av-svg-desc-2' role=\"graphics-symbol\" aria-hidden=\"true\">\n<title id='av-svg-title-2'>Posterior<\/title>\n<desc id='av-svg-desc-2'>Posterior<\/desc>\n<path d=\"M0.416 27.84l11.456-11.84-11.456-11.904q-0.832-0.832 0-1.536 0.832-0.832 1.536 0l12.544 12.608q0.768 0.832 0 1.6l-12.544 12.608q-0.704 0.832-1.536 0-0.832-0.704 0-1.536z\"><\/path>\n<\/svg><span class='avia_hidden_link_text'>Posterior<\/span><\/a><\/div><div class='avia-slideshow-dots avia-slideshow-controls'><a href='#1' class='goto-slide active' >1<\/a><a href='#2' class='goto-slide' >2<\/a><a href='#3' class='goto-slide' >3<\/a><a href='#4' class='goto-slide' >4<\/a><\/div><\/div><\/div><div id='after_full_slider_1'  class='main_color av_default_container_wrap container_wrap sidebar_right'  ><div class='container av-section-cont-open' ><div class='template-page content  av-content-small alpha units'><div class='post-entry post-entry-type-page post-entry-3242'><div class='entry-content-wrapper clearfix'>\n\n<style type=\"text\/css\" data-created_by=\"avia_inline_auto\" id=\"style-css-av-3fdj5d-167664ddc10ea248c4ccd056ce9064ad\">\n#top .flex_column.av-3fdj5d-167664ddc10ea248c4ccd056ce9064ad{\nmargin-top:0px;\nmargin-bottom:0px;\n}\n.flex_column.av-3fdj5d-167664ddc10ea248c4ccd056ce9064ad{\nborder-radius:0px 0px 0px 0px;\npadding:0px 0px 0px 0px;\n}\n.responsive #top #wrap_all .flex_column.av-3fdj5d-167664ddc10ea248c4ccd056ce9064ad{\nmargin-top:0px;\nmargin-bottom:0px;\n}\n<\/style>\n<div  class='flex_column av-3fdj5d-167664ddc10ea248c4ccd056ce9064ad av_one_full  avia-builder-el-1  el_after_av_slideshow_full  el_before_av_one_half  avia-builder-el-first  first flex_column_div av-animated-generic bottom-to-top av-zero-column-padding'     ><p>\n<style type=\"text\/css\" data-created_by=\"avia_inline_auto\" id=\"style-css-av-11ixkp-1de58bf26e44b5f25ea774ae335386dd\">\n#top .av-special-heading.av-11ixkp-1de58bf26e44b5f25ea774ae335386dd{\npadding-bottom:0;\n}\nbody .av-special-heading.av-11ixkp-1de58bf26e44b5f25ea774ae335386dd .av-special-heading-tag .heading-char{\nfont-size:25px;\n}\n.av-special-heading.av-11ixkp-1de58bf26e44b5f25ea774ae335386dd .av-subheading{\nfont-size:15px;\n}\n<\/style>\n<div  class='av-special-heading av-11ixkp-1de58bf26e44b5f25ea774ae335386dd av-special-heading-h2 blockquote modern-quote  avia-builder-el-2  el_before_av_hr  avia-builder-el-first'><h2 class='av-special-heading-tag'  itemprop=\"headline\"  >Crear mundos de pr\u00e1ticas<\/h2><div class=\"special-heading-border\"><div class=\"special-heading-inner-border\"><\/div><\/div><\/div><br \/>\n\n<style type=\"text\/css\" data-created_by=\"avia_inline_auto\" id=\"style-css-av-317kcp-1f0bbfbd1fbd5d2c8aa36168450e9df6\">\n#top .hr.av-317kcp-1f0bbfbd1fbd5d2c8aa36168450e9df6{\nmargin-top:10px;\nmargin-bottom:10px;\n}\n.hr.av-317kcp-1f0bbfbd1fbd5d2c8aa36168450e9df6 .hr-inner{\nwidth:50px;\nborder-color:#78d635;\n}\n<\/style>\n<div  class='hr av-317kcp-1f0bbfbd1fbd5d2c8aa36168450e9df6 hr-custom  avia-builder-el-3  el_after_av_heading  avia-builder-el-last  hr-left hr-icon-no'><span class='hr-inner inner-border-av-border-fat'><span class=\"hr-inner-style\"><\/span><\/span><\/div><\/p><\/div>\n<style type=\"text\/css\" data-created_by=\"avia_inline_auto\" id=\"style-css-av-2w4xi9-822a674fc082b39eac445bbc1315fbe0\">\n#top .flex_column.av-2w4xi9-822a674fc082b39eac445bbc1315fbe0{\nmargin-top:0px;\nmargin-bottom:0px;\n}\n.flex_column.av-2w4xi9-822a674fc082b39eac445bbc1315fbe0{\nborder-radius:0px 0px 0px 0px;\npadding:0px 0px 0px 0px;\n}\n.responsive #top #wrap_all .flex_column.av-2w4xi9-822a674fc082b39eac445bbc1315fbe0{\nmargin-top:0px;\nmargin-bottom:0px;\n}\n<\/style>\n<div  class='flex_column av-2w4xi9-822a674fc082b39eac445bbc1315fbe0 av_one_half  avia-builder-el-4  el_after_av_one_full  el_before_av_one_half  first av-break-at-tablet flex_column_div av-animated-generic bottom-to-top av-zero-column-padding  column-top-margin'     ><section  class='av_textblock_section av-2p4rkp-707516915ee3d659b31f04bb71a5470f'   itemscope=\"itemscope\" itemtype=\"https:\/\/schema.org\/CreativeWork\" ><div class='avia_textblock'  itemprop=\"text\" ><p><strong>Peque\u00f1os campos compactos y \u00e1reas de pr\u00e1cticas complejas <\/strong>crean nuevas oportunidades en el campo de golf. Aqu\u00ed pueden entrenar eficazmente en un corto espacio de tiempo y experimentar el deporte del golf al mismo tiempo. Debido a la creciente oferta de actividades de ocio, el golf necesita conceptos modernos para retener a los golfistas durante periodos de tiempo m\u00e1s cortos y seguir siendo atractivo. Unas instalaciones compactas y unas instalaciones de pr\u00e1cticas atractivas y variadas pueden cumplir este prop\u00f3sito. En todo el mundo, el n\u00famero de campos compactos a peque\u00f1a escala -ya sea como instalaciones independientes o como complementos de instalaciones existentes- sigue creciendo. El <strong>area reducida<\/strong> y el <strong>menor consumo de recursos<\/strong> asociado contribuyen a un nuevo espiritu de \u00e9poca que es proporcionar diversi\u00f3n y motivaci\u00f3n.<\/p>\n<\/div><\/section><\/div>\n<style type=\"text\/css\" data-created_by=\"avia_inline_auto\" id=\"style-css-av-9c2up-1d58fc82f6dec9a44680fb118ed6efeb\">\n#top .flex_column.av-9c2up-1d58fc82f6dec9a44680fb118ed6efeb{\nmargin-top:0px;\nmargin-bottom:0px;\n}\n.flex_column.av-9c2up-1d58fc82f6dec9a44680fb118ed6efeb{\nborder-radius:0px 0px 0px 0px;\npadding:0px 0px 0px 0px;\n}\n.responsive #top #wrap_all .flex_column.av-9c2up-1d58fc82f6dec9a44680fb118ed6efeb{\nmargin-top:0px;\nmargin-bottom:0px;\n}\n<\/style>\n<div  class='flex_column av-9c2up-1d58fc82f6dec9a44680fb118ed6efeb av_one_half  avia-builder-el-6  el_after_av_one_half  el_before_av_one_half  av-break-at-tablet flex_column_div av-animated-generic bottom-to-top av-zero-column-padding  column-top-margin'     ><section  class='av_textblock_section av-2dmssp-e9fc6a2ed38213d6768d4785ac50d8fd'   itemscope=\"itemscope\" itemtype=\"https:\/\/schema.org\/CreativeWork\" ><div class='avia_textblock'  itemprop=\"text\" ><p>Los grandiosos campos compactos y las areas de pr\u00e1cticas vers\u00e1tiles y atractivas - que no deben faltar en ning\u00fana installaci\u00f3n de golf de \u00e9xito - pueden utilizarse en <strong>espacio reducido<\/strong> y generar un beneficio muy grande y ligar a m\u00e1s <strong>golfistas al deport de golf.<\/strong>.<\/p>\n<\/div><\/section><\/div>\n<style type=\"text\/css\" data-created_by=\"avia_inline_auto\" id=\"style-css-av-1f7ysx-040e0fab5c99d1f3558471bcc93c88f7\">\n.flex_column.av-1f7ysx-040e0fab5c99d1f3558471bcc93c88f7{\nborder-radius:0px 0px 0px 0px;\npadding:0px 0px 0px 0px;\n}\n<\/style>\n<div  class='flex_column av-1f7ysx-040e0fab5c99d1f3558471bcc93c88f7 av_one_half  avia-builder-el-8  el_after_av_one_half  el_before_av_one_half  first av-break-at-tablet flex_column_div av-animated-generic bottom-to-top av-zero-column-padding  column-top-margin'     ><p>\n<style type=\"text\/css\" data-created_by=\"avia_inline_auto\" id=\"style-css-av-121xzl-09cba664a97d1eb65e3f73b02ebc2c8f\">\n#top .hr.hr-invisible.av-121xzl-09cba664a97d1eb65e3f73b02ebc2c8f{\nheight:30px;\n}\n<\/style>\n<div  class='hr av-121xzl-09cba664a97d1eb65e3f73b02ebc2c8f hr-invisible  avia-builder-el-9  el_before_av_heading  avia-builder-el-first  av-desktop-hide'><span class='hr-inner'><span class=\"hr-inner-style\"><\/span><\/span><\/div><br \/>\n\n<style type=\"text\/css\" data-created_by=\"avia_inline_auto\" id=\"style-css-av-avjrl-00e840585310e0d61c723f2ab3c2996c\">\n#top .av-special-heading.av-avjrl-00e840585310e0d61c723f2ab3c2996c{\npadding-bottom:0;\n}\nbody .av-special-heading.av-avjrl-00e840585310e0d61c723f2ab3c2996c .av-special-heading-tag .heading-char{\nfont-size:25px;\n}\n.av-special-heading.av-avjrl-00e840585310e0d61c723f2ab3c2996c .av-subheading{\nfont-size:15px;\n}\n<\/style>\n<div  class='av-special-heading av-avjrl-00e840585310e0d61c723f2ab3c2996c av-special-heading-h2 blockquote modern-quote  avia-builder-el-10  el_after_av_hr  el_before_av_hr'><h2 class='av-special-heading-tag'  itemprop=\"headline\"  >Diversidad y diversi\u00f3n son cruciales<\/h2><div class=\"special-heading-border\"><div class=\"special-heading-inner-border\"><\/div><\/div><\/div><br \/>\n\n<style type=\"text\/css\" data-created_by=\"avia_inline_auto\" id=\"style-css-av-121xzl-1-e1c8394cfd71dfdb23ea54bc5f5173a8\">\n#top .hr.av-121xzl-1-e1c8394cfd71dfdb23ea54bc5f5173a8{\nmargin-top:10px;\nmargin-bottom:10px;\n}\n.hr.av-121xzl-1-e1c8394cfd71dfdb23ea54bc5f5173a8 .hr-inner{\nwidth:50px;\nborder-color:#78d635;\n}\n<\/style>\n<div  class='hr av-121xzl-1-e1c8394cfd71dfdb23ea54bc5f5173a8 hr-custom  avia-builder-el-11  el_after_av_heading  el_before_av_textblock  hr-left hr-icon-no'><span class='hr-inner inner-border-av-border-fat'><span class=\"hr-inner-style\"><\/span><\/span><\/div><br \/>\n<section  class='av_textblock_section av-xsiu9-e64649ac9851c008f54553e2f56d99fb'   itemscope=\"itemscope\" itemtype=\"https:\/\/schema.org\/CreativeWork\" ><div class='avia_textblock'  itemprop=\"text\" ><p><strong>No hay dos campos compactos ni dos areas de pr\u00e1cticas iguales. <\/strong>Al mismo tiempo, ciertos elementos b\u00e1sicos son esenciales para una utilizaci\u00f3n satisfactoria. Benef\u00edciese de nuestros conocimientos y a\u00f1os de experiencia para implantar con \u00e9xito un sistema compacto<\/p>\n<p>Para usted, esto significa que no planificamos sistemas compactos o zonas de ejercicio \"sobre la marcha\", sino que trabajamos con usted para desarrollar el proyecto de sus sue\u00f1os y adaptarlo a las condiciones del lugar, permiti\u00e9ndole hacer realidad sus ideas a largo plazo.<\/p>\n<p>Los campos compactos y las instalaciones de pr\u00e1cticas deben tener suficiente variedad para satisfacer las necesidades individuales. Una oferta personalizada, que tambi\u00e9n debe tener suficiente variedad, es importante para que los campos de golf puedan competir con otras instalaciones de ocio. El <strong>golfista como cliente<\/strong> y los interesados esperan una gama cada vez m\u00e1s diversa de productos y servicios en los que la <strong>diversi\u00f3n<\/strong> y la <strong>alegr\u00eda<\/strong> en el juego y la pr\u00e1ctica se han convertido en un factor importante.<\/p>\n<\/div><\/section><\/p><\/div>\n<style type=\"text\/css\" data-created_by=\"avia_inline_auto\" id=\"style-css-av-qtslt-6350d6e1c2322eb536cec1607696f657\">\n.flex_column.av-qtslt-6350d6e1c2322eb536cec1607696f657{\nborder-radius:0px 0px 0px 0px;\npadding:0px 0px 0px 0px;\n}\n<\/style>\n<div  class='flex_column av-qtslt-6350d6e1c2322eb536cec1607696f657 av_one_half  avia-builder-el-13  el_after_av_one_half  avia-builder-el-last  av-break-at-tablet flex_column_div av-animated-generic bottom-to-top av-zero-column-padding  column-top-margin'     ><style type=\"text\/css\" data-created_by=\"avia_inline_auto\" id=\"style-css-av-nfwhl-2585e58f8589553e1fc53f82efdd2bd3\">\n.avia-image-container.av-nfwhl-2585e58f8589553e1fc53f82efdd2bd3 img.avia_image{\nbox-shadow:none;\n}\n.avia-image-container.av-nfwhl-2585e58f8589553e1fc53f82efdd2bd3 .av-image-caption-overlay-center{\ncolor:#ffffff;\n}\n<\/style>\n<div  class='avia-image-container av-nfwhl-2585e58f8589553e1fc53f82efdd2bd3 av-styling-no-styling avia-align-center  avia-builder-el-14  avia-builder-el-no-sibling'   itemprop=\"image\" itemscope=\"itemscope\" itemtype=\"https:\/\/schema.org\/ImageObject\" ><div class=\"avia-image-container-inner\"><div class=\"avia-image-overlay-wrap\"><img decoding=\"async\" fetchpriority=\"high\" class='wp-image-3246 avia-img-lazy-loading-not-3246 avia_image' src=\"https:\/\/www.golfhimmel.de\/wp-content\/uploads\/2024\/02\/GdR_DR_Planung_website-1030x745.jpg\" alt='' title='GdR_DR_Planung_website'  height=\"745\" width=\"1030\"  itemprop=\"thumbnailUrl\" srcset=\"https:\/\/www.golfhimmel.de\/wp-content\/uploads\/2024\/02\/GdR_DR_Planung_website-1030x745.jpg 1030w, https:\/\/www.golfhimmel.de\/wp-content\/uploads\/2024\/02\/GdR_DR_Planung_website-300x217.jpg 300w, https:\/\/www.golfhimmel.de\/wp-content\/uploads\/2024\/02\/GdR_DR_Planung_website-768x555.jpg 768w, https:\/\/www.golfhimmel.de\/wp-content\/uploads\/2024\/02\/GdR_DR_Planung_website-1536x1111.jpg 1536w, https:\/\/www.golfhimmel.de\/wp-content\/uploads\/2024\/02\/GdR_DR_Planung_website-2048x1481.jpg 2048w, https:\/\/www.golfhimmel.de\/wp-content\/uploads\/2024\/02\/GdR_DR_Planung_website-18x12.jpg 18w, https:\/\/www.golfhimmel.de\/wp-content\/uploads\/2024\/02\/GdR_DR_Planung_website-1500x1085.jpg 1500w, https:\/\/www.golfhimmel.de\/wp-content\/uploads\/2024\/02\/GdR_DR_Planung_website-705x510.jpg 705w\" sizes=\"(max-width: 1030px) 100vw, 1030px\" \/><\/div><\/div><\/div><\/div><\/p>","protected":false},"excerpt":{"rendered":"","protected":false},"author":2,"featured_media":0,"parent":0,"menu_order":0,"comment_status":"closed","ping_status":"closed","template":"","meta":{"footnotes":""},"class_list":["post-3242","page","type-page","status-publish","hentry"],"_links":{"self":[{"href":"https:\/\/www.golfhimmel.de\/es\/wp-json\/wp\/v2\/pages\/3242","targetHints":{"allow":["GET"]}}],"collection":[{"href":"https:\/\/www.golfhimmel.de\/es\/wp-json\/wp\/v2\/pages"}],"about":[{"href":"https:\/\/www.golfhimmel.de\/es\/wp-json\/wp\/v2\/types\/page"}],"author":[{"embeddable":true,"href":"https:\/\/www.golfhimmel.de\/es\/wp-json\/wp\/v2\/users\/2"}],"replies":[{"embeddable":true,"href":"https:\/\/www.golfhimmel.de\/es\/wp-json\/wp\/v2\/comments?post=3242"}],"version-history":[{"count":5,"href":"https:\/\/www.golfhimmel.de\/es\/wp-json\/wp\/v2\/pages\/3242\/revisions"}],"predecessor-version":[{"id":3408,"href":"https:\/\/www.golfhimmel.de\/es\/wp-json\/wp\/v2\/pages\/3242\/revisions\/3408"}],"wp:attachment":[{"href":"https:\/\/www.golfhimmel.de\/es\/wp-json\/wp\/v2\/media?parent=3242"}],"curies":[{"name":"wp","href":"https:\/\/api.w.org\/{rel}","templated":true}]}}