{"id":652,"date":"2020-12-08T10:30:18","date_gmt":"2020-12-08T10:30:18","guid":{"rendered":"https:\/\/relaunch.golfhimmel.de\/?page_id=652"},"modified":"2020-12-09T18:33:36","modified_gmt":"2020-12-09T18:33:36","slug":"nachhaltigkeit-galerie","status":"publish","type":"page","link":"https:\/\/www.golfhimmel.de\/es\/nachhaltigkeit\/nachhaltigkeit-galerie\/","title":{"rendered":"Nachhaltigkeit Galerie"},"content":{"rendered":"<div  id=\"av-sc-portfolio-1\"  class=\"av-portfolio-grid-sorting-container\"><div class='sort_width_container  av-sort-yes' data-portfolio-id='1' ><div id='js_sort_items' ><div class='sort_by_cat hidden'><a href=\"#\" data-filter=\"all_sort\" class=\"all_sort_button active_sort\"><span class=\"inner_sort_button\"><span>Todo<\/span><small class=\"av-cat-count\"> 9 <\/small><\/span><\/a><span class=\"text-sep nachhaltigkeit_sort_sep\">\/<\/span><a href=\"#\" data-filter=\"nachhaltigkeit_sort\" class=\"nachhaltigkeit_sort_button\" ><span class=\"inner_sort_button\"><span>Sostenibilidad<\/span><small class=\"av-cat-count\"> 9 <\/small><\/span><\/a><\/div><\/div><\/div><div  class='grid-sort-container isotope   no_margin-container with-excerpt-container grid-total-odd grid-col-1 grid-links-' data-portfolio-id='1'><div data-ajax-id='105' class='grid-entry flex_column isotope-item all_sort no_margin post-entry post-entry-105 grid-entry-overview grid-loop-1 grid-parity-odd  nachhaltigkeit_sort neubau_sort projekte-allgemein_sort  av_fullwidth first special_av_fullwidth'><article class='main_color inner-entry'  itemscope=\"itemscope\" itemtype=\"https:\/\/schema.org\/CreativeWork\" ><div class=\"av_table_col first portfolio-entry grid-content\"><header class=\"entry-content-header\" aria-label=\"Portfolio: Das Achental\"><h2 class='portfolio-grid-title entry-title'  itemprop=\"headline\" ><a href='https:\/\/www.golfhimmel.de\/es\/portfolio-item\/das-achental\/'>Das Achental<\/a><\/h2><\/header><div class=\"entry-content-wrapper\"><div class='grid-entry-excerpt entry-content'  itemprop=\"text\" >Campo de golf de alta calidad en un entorno natural fascinante <\/div><\/div><div class=\"avia-arrow\"><\/div><\/div><div class=\"av_table_col portfolio-grid-image\"><a href=\"https:\/\/www.golfhimmel.de\/es\/portfolio-item\/das-achental\/\" title='Das Achental'  data-rel='grid-1' class='grid-image avia-hover-fx'> <img decoding=\"async\" fetchpriority=\"high\" width=\"1500\" height=\"630\" src=\"https:\/\/www.golfhimmel.de\/wp-content\/uploads\/2022\/02\/Achental_DJI_0803-1500x630.jpg\" class=\"wp-image-2842 avia-img-lazy-loading-not-2842 attachment-featured_large size-featured_large wp-post-image\" alt=\"\" \/><small class='avia-copyright'>Stefan von Stengel<\/small><\/a><\/div><footer class=\"entry-footer\"><\/footer><\/article><\/div><div data-ajax-id='103' class='grid-entry flex_column isotope-item all_sort no_margin post-entry post-entry-103 grid-entry-overview grid-loop-2 grid-parity-even  nachhaltigkeit_sort projekte-allgemein_sort redesign_sort  av_fullwidth first special_av_fullwidth'><article class='main_color inner-entry'  itemscope=\"itemscope\" itemtype=\"https:\/\/schema.org\/CreativeWork\" ><div class=\"av_table_col first portfolio-entry grid-content\"><header class=\"entry-content-header\" aria-label=\"Portfolio: Golf &#038; Country Club Z\u00fcrich\"><h2 class='portfolio-grid-title entry-title'  itemprop=\"headline\" ><a href='https:\/\/www.golfhimmel.de\/es\/portfolio-item\/golf-country-club-zurich\/'>Golf &amp; Country Club Z\u00farich<\/a><\/h2><\/header><div class=\"entry-content-wrapper\"><div class='grid-entry-excerpt entry-content'  itemprop=\"text\" >Redise\u00f1o de alta gama en Z\u00farich<\/div><\/div><div class=\"avia-arrow\"><\/div><\/div><div class=\"av_table_col portfolio-grid-image\"><a href=\"https:\/\/www.golfhimmel.de\/es\/portfolio-item\/golf-country-club-zurich\/\" title='Golf &amp; Country Club Z\u00farich'  data-rel='grid-1' class='grid-image avia-hover-fx'> <img decoding=\"async\" fetchpriority=\"high\" width=\"1500\" height=\"630\" src=\"https:\/\/www.golfhimmel.de\/wp-content\/uploads\/2015\/10\/GCCZ-18-1500x630.jpg\" class=\"wp-image-766 avia-img-lazy-loading-not-766 attachment-featured_large size-featured_large wp-post-image\" alt=\"\" \/><\/a><\/div><footer class=\"entry-footer\"><\/footer><\/article><\/div><div data-ajax-id='106' class='grid-entry flex_column isotope-item all_sort no_margin post-entry post-entry-106 grid-entry-overview grid-loop-3 grid-parity-odd  nachhaltigkeit_sort neubau_sort projekte-allgemein_sort  av_fullwidth first special_av_fullwidth'><article class='main_color inner-entry'  itemscope=\"itemscope\" itemtype=\"https:\/\/schema.org\/CreativeWork\" ><div class=\"av_table_col first portfolio-entry grid-content\"><header class=\"entry-content-header\" aria-label=\"Portfolio: Blue Monster &#8211; Eppan\"><h2 class='portfolio-grid-title entry-title'  itemprop=\"headline\" ><a href='https:\/\/www.golfhimmel.de\/es\/portfolio-item\/blue-monster-eppan\/'>Blue Monster \u2013 Appiano<\/a><\/h2><\/header><div class=\"entry-content-wrapper\"><div class='grid-entry-excerpt entry-content'  itemprop=\"text\" >El agua como elemento esencial: Golfclub Blue Monster en Appiano (Tirol del Sur)<\/div><\/div><div class=\"avia-arrow\"><\/div><\/div><div class=\"av_table_col portfolio-grid-image\"><a href=\"https:\/\/www.golfhimmel.de\/es\/portfolio-item\/blue-monster-eppan\/\" title='Blue Monster \u2013 Appiano'  data-rel='grid-1' class='grid-image avia-hover-fx'> <img decoding=\"async\" fetchpriority=\"high\" width=\"1500\" height=\"630\" src=\"https:\/\/www.golfhimmel.de\/wp-content\/uploads\/2020\/12\/Eppan_hoch-1500x630.jpg\" class=\"wp-image-1575 avia-img-lazy-loading-not-1575 attachment-featured_large size-featured_large wp-post-image\" alt=\"\" \/><small class='avia-copyright'>Golf & Country S\u00fcdtirol<\/small><\/a><\/div><footer class=\"entry-footer\"><\/footer><\/article><\/div><div data-ajax-id='1147' class='grid-entry flex_column isotope-item all_sort no_margin post-entry post-entry-1147 grid-entry-overview grid-loop-4 grid-parity-even  nachhaltigkeit_sort neubau_sort projekte-allgemein_sort  av_fullwidth first special_av_fullwidth'><article class='main_color inner-entry'  itemscope=\"itemscope\" itemtype=\"https:\/\/schema.org\/CreativeWork\" ><div class=\"av_table_col first portfolio-entry grid-content\"><header class=\"entry-content-header\" aria-label=\"Portfolio: Waldsee Golf Resort\"><h2 class='portfolio-grid-title entry-title'  itemprop=\"headline\" ><a href='https:\/\/www.golfhimmel.de\/es\/portfolio-item\/waldsee-golf-resort\/'>Waldsee Golf Resort<\/a><\/h2><\/header><div class=\"entry-content-wrapper\"><div class='grid-entry-excerpt entry-content'  itemprop=\"text\" >Un resort de primera con 45 calles<\/div><\/div><div class=\"avia-arrow\"><\/div><\/div><div class=\"av_table_col portfolio-grid-image\"><a href=\"https:\/\/www.golfhimmel.de\/es\/portfolio-item\/waldsee-golf-resort\/\" title='Waldsee Golf Resort'  data-rel='grid-1' class='grid-image avia-hover-fx'> <img decoding=\"async\" fetchpriority=\"high\" width=\"1500\" height=\"630\" src=\"https:\/\/www.golfhimmel.de\/wp-content\/uploads\/2020\/12\/Waldsee_1_16_9-1500x630.jpg\" class=\"wp-image-1185 avia-img-lazy-loading-not-1185 attachment-featured_large size-featured_large wp-post-image\" alt=\"\" \/><\/a><\/div><footer class=\"entry-footer\"><\/footer><\/article><\/div><div data-ajax-id='238' class='grid-entry flex_column isotope-item all_sort no_margin post-entry post-entry-238 grid-entry-overview grid-loop-5 grid-parity-odd  nachhaltigkeit_sort projekte-allgemein_sort redesign_sort  av_fullwidth first special_av_fullwidth'><article class='main_color inner-entry'  itemscope=\"itemscope\" itemtype=\"https:\/\/schema.org\/CreativeWork\" ><div class=\"av_table_col first portfolio-entry grid-content\"><header class=\"entry-content-header\" aria-label=\"Portfolio: Freiburger Golfclub\"><h2 class='portfolio-grid-title entry-title'  itemprop=\"headline\" ><a href='https:\/\/www.golfhimmel.de\/es\/portfolio-item\/freiburger-golfclub\/'>Freiburger Golfclub e.V.<\/a><\/h2><\/header><div class=\"entry-content-wrapper\"><div class='grid-entry-excerpt entry-content'  itemprop=\"text\" >Redise\u00f1o y ampliaci\u00f3n para un campo de golf con mucho car\u00e1cter<\/div><\/div><div class=\"avia-arrow\"><\/div><\/div><div class=\"av_table_col portfolio-grid-image\"><a href=\"https:\/\/www.golfhimmel.de\/es\/portfolio-item\/freiburger-golfclub\/\" title='Freiburger Golfclub e.V.'  data-rel='grid-1' class='grid-image avia-hover-fx'> <img decoding=\"async\" fetchpriority=\"high\" width=\"1500\" height=\"630\" src=\"https:\/\/www.golfhimmel.de\/wp-content\/uploads\/2015\/10\/Freiburg-3-1500x630.jpg\" class=\"wp-image-824 avia-img-lazy-loading-not-824 attachment-featured_large size-featured_large wp-post-image\" alt=\"\" \/><\/a><\/div><footer class=\"entry-footer\"><\/footer><\/article><\/div><div data-ajax-id='1242' class='grid-entry flex_column isotope-item all_sort no_margin post-entry post-entry-1242 grid-entry-overview grid-loop-6 grid-parity-even  nachhaltigkeit_sort neubau_sort projekte-allgemein_sort  av_fullwidth first special_av_fullwidth'><article class='main_color inner-entry'  itemscope=\"itemscope\" itemtype=\"https:\/\/schema.org\/CreativeWork\" ><div class=\"av_table_col first portfolio-entry grid-content\"><header class=\"entry-content-header\" aria-label=\"Portfolio: Golfpark Weiherhof\"><h2 class='portfolio-grid-title entry-title'  itemprop=\"headline\" ><a href='https:\/\/www.golfhimmel.de\/es\/portfolio-item\/golfpark-weiherhof\/'>Golfpark Weiherhof<\/a><\/h2><\/header><div class=\"entry-content-wrapper\"><div class='grid-entry-excerpt entry-content'  itemprop=\"text\" >Instalaciones nuevas en Sarre (Alemania) con 27 calles<\/div><\/div><div class=\"avia-arrow\"><\/div><\/div><div class=\"av_table_col portfolio-grid-image\"><a href=\"https:\/\/www.golfhimmel.de\/es\/portfolio-item\/golfpark-weiherhof\/\" title='Golfpark Weiherhof'  data-rel='grid-1' class='grid-image avia-hover-fx'> <img decoding=\"async\" fetchpriority=\"high\" width=\"1500\" height=\"630\" src=\"https:\/\/www.golfhimmel.de\/wp-content\/uploads\/2020\/12\/GPW_schmal-1500x630.jpg\" class=\"wp-image-1573 avia-img-lazy-loading-not-1573 attachment-featured_large size-featured_large wp-post-image\" alt=\"\" \/><small class='avia-copyright'>Par Verlag<\/small><\/a><\/div><footer class=\"entry-footer\"><\/footer><\/article><\/div><div data-ajax-id='3022' class='grid-entry flex_column isotope-item all_sort no_margin post-entry post-entry-3022 grid-entry-overview grid-loop-7 grid-parity-odd  nachhaltigkeit_sort projekte-allgemein_sort redesign_sort  av_fullwidth first special_av_fullwidth'><article class='main_color inner-entry'  itemscope=\"itemscope\" itemtype=\"https:\/\/schema.org\/CreativeWork\" ><div class=\"av_table_col first portfolio-entry grid-content\"><header class=\"entry-content-header\" aria-label=\"Portfolio: Golfclub Sylt\"><h2 class='portfolio-grid-title entry-title'  itemprop=\"headline\" ><a href='https:\/\/www.golfhimmel.de\/es\/portfolio-item\/golfclub-sylt\/'>Golfclub Sylt<\/a><\/h2><\/header><div class=\"entry-content-wrapper\"><div class='grid-entry-excerpt entry-content'  itemprop=\"text\" >Actualizaci\u00f3n del club  tradicional en la isla Sylt<\/div><\/div><div class=\"avia-arrow\"><\/div><\/div><div class=\"av_table_col portfolio-grid-image\"><a href=\"https:\/\/www.golfhimmel.de\/es\/portfolio-item\/golfclub-sylt\/\" title='Golfclub Sylt'  data-rel='grid-1' class='grid-image avia-hover-fx'> <img decoding=\"async\" fetchpriority=\"high\" width=\"1500\" height=\"630\" src=\"https:\/\/www.golfhimmel.de\/wp-content\/uploads\/2024\/09\/IMG_2135-1500x630.jpg\" class=\"wp-image-3531 avia-img-lazy-loading-not-3531 attachment-featured_large size-featured_large wp-post-image\" alt=\"\" \/><\/a><\/div><footer class=\"entry-footer\"><\/footer><\/article><\/div><div data-ajax-id='3553' class='grid-entry flex_column isotope-item all_sort no_margin post-entry post-entry-3553 grid-entry-overview grid-loop-8 grid-parity-even  nachhaltigkeit_sort neubau_sort projekte-allgemein_sort  av_fullwidth first special_av_fullwidth'><article class='main_color inner-entry'  itemscope=\"itemscope\" itemtype=\"https:\/\/schema.org\/CreativeWork\" ><div class=\"av_table_col first portfolio-entry grid-content\"><header class=\"entry-content-header\" aria-label=\"Portfolio: Golfclub am Habsberg\"><h2 class='portfolio-grid-title entry-title'  itemprop=\"headline\" ><a href='https:\/\/www.golfhimmel.de\/es\/portfolio-item\/golfclub-am-habsberg\/'>Golfclub am Habsberg<\/a><\/h2><\/header><div class=\"entry-content-wrapper\"><div class='grid-entry-excerpt entry-content'  itemprop=\"text\" >Lago de irrigacion resistente al cambio climatico <\/div><\/div><div class=\"avia-arrow\"><\/div><\/div><div class=\"av_table_col portfolio-grid-image\"><a href=\"https:\/\/www.golfhimmel.de\/es\/portfolio-item\/golfclub-am-habsberg\/\" title='Golfclub am Habsberg'  data-rel='grid-1' class='grid-image avia-hover-fx'> <img decoding=\"async\" fetchpriority=\"high\" width=\"1500\" height=\"630\" src=\"https:\/\/www.golfhimmel.de\/wp-content\/uploads\/2024\/09\/IMG_2192-1500x630.jpg\" class=\"wp-image-3554 avia-img-lazy-loading-not-3554 attachment-featured_large size-featured_large wp-post-image\" alt=\"\" \/><\/a><\/div><footer class=\"entry-footer\"><\/footer><\/article><\/div><div data-ajax-id='239' class='grid-entry flex_column isotope-item all_sort no_margin post-entry post-entry-239 grid-entry-overview grid-loop-9 grid-parity-odd  post-entry-last  nachhaltigkeit_sort projekte-allgemein_sort redesign_sort  av_fullwidth first special_av_fullwidth'><article class='main_color inner-entry'  itemscope=\"itemscope\" itemtype=\"https:\/\/schema.org\/CreativeWork\" ><div class=\"av_table_col first portfolio-entry grid-content\"><header class=\"entry-content-header\" aria-label=\"Portfolio: Tegernseer Golfclub Bad Wiessee e.V.\"><h2 class='portfolio-grid-title entry-title'  itemprop=\"headline\" ><a href='https:\/\/www.golfhimmel.de\/es\/portfolio-item\/tegernseer-golfclub-bad-wiessee-e-v\/'>Tegernseer Golfclub Bad Wiessee e.V.<\/a><\/h2><\/header><div class=\"entry-content-wrapper\"><div class='grid-entry-excerpt entry-content'  itemprop=\"text\" >Redise\u00f1o integral de un club alem\u00e1n de tradici\u00f3n en el lago Tegernsee <\/div><\/div><div class=\"avia-arrow\"><\/div><\/div><div class=\"av_table_col portfolio-grid-image\"><a href=\"https:\/\/www.golfhimmel.de\/es\/portfolio-item\/tegernseer-golfclub-bad-wiessee-e-v\/\" title='Tegernseer Golfclub Bad Wiessee e.V.'  data-rel='grid-1' class='grid-image avia-hover-fx'> <img decoding=\"async\" fetchpriority=\"high\" width=\"1500\" height=\"630\" src=\"https:\/\/www.golfhimmel.de\/wp-content\/uploads\/2020\/05\/TegernseerGC_VS89012-Pano-1500x630.jpg\" class=\"wp-image-2740 avia-img-lazy-loading-not-2740 attachment-featured_large size-featured_large wp-post-image\" alt=\"\" srcset=\"https:\/\/www.golfhimmel.de\/wp-content\/uploads\/2020\/05\/TegernseerGC_VS89012-Pano-1500x630.jpg 1500w, https:\/\/www.golfhimmel.de\/wp-content\/uploads\/2020\/05\/TegernseerGC_VS89012-Pano-16x7.jpg 16w\" sizes=\"(max-width: 1500px) 100vw, 1500px\" \/><small class='avia-copyright'>Stefan von Stengel<\/small><\/a><\/div><footer class=\"entry-footer\"><\/footer><\/article><\/div><\/div><\/div>   <!--   class=\"av-portfolio-grid-sorting-container\"  -->","protected":false},"excerpt":{"rendered":"","protected":false},"author":1,"featured_media":0,"parent":312,"menu_order":0,"comment_status":"closed","ping_status":"closed","template":"","meta":{"footnotes":""},"class_list":["post-652","page","type-page","status-publish","hentry"],"_links":{"self":[{"href":"https:\/\/www.golfhimmel.de\/es\/wp-json\/wp\/v2\/pages\/652","targetHints":{"allow":["GET"]}}],"collection":[{"href":"https:\/\/www.golfhimmel.de\/es\/wp-json\/wp\/v2\/pages"}],"about":[{"href":"https:\/\/www.golfhimmel.de\/es\/wp-json\/wp\/v2\/types\/page"}],"author":[{"embeddable":true,"href":"https:\/\/www.golfhimmel.de\/es\/wp-json\/wp\/v2\/users\/1"}],"replies":[{"embeddable":true,"href":"https:\/\/www.golfhimmel.de\/es\/wp-json\/wp\/v2\/comments?post=652"}],"version-history":[{"count":2,"href":"https:\/\/www.golfhimmel.de\/es\/wp-json\/wp\/v2\/pages\/652\/revisions"}],"predecessor-version":[{"id":911,"href":"https:\/\/www.golfhimmel.de\/es\/wp-json\/wp\/v2\/pages\/652\/revisions\/911"}],"up":[{"embeddable":true,"href":"https:\/\/www.golfhimmel.de\/es\/wp-json\/wp\/v2\/pages\/312"}],"wp:attachment":[{"href":"https:\/\/www.golfhimmel.de\/es\/wp-json\/wp\/v2\/media?parent=652"}],"curies":[{"name":"wp","href":"https:\/\/api.w.org\/{rel}","templated":true}]}}